{"id":2131,"date":"2022-01-11T19:45:55","date_gmt":"2022-01-11T17:45:55","guid":{"rendered":"https:\/\/vgecofuel.fi\/tuotteet"},"modified":"2022-11-23T11:52:02","modified_gmt":"2022-11-23T09:52:02","slug":"tuotteet","status":"publish","type":"page","link":"https:\/\/vgecofuel.fi\/en\/tuotteet","title":{"rendered":"Tuotteemme"},"content":{"rendered":"[vc_row type=&#8221;full_width_background&#8221; full_screen_row_position=&#8221;middle&#8221; column_margin=&#8221;default&#8221; column_direction=&#8221;default&#8221; column_direction_tablet=&#8221;default&#8221; column_direction_phone=&#8221;default&#8221; bg_color=&#8221;#0891dc&#8221; bg_image=&#8221;470&#8243; bg_position=&#8221;center center&#8221; background_image_loading=&#8221;default&#8221; bg_repeat=&#8221;no-repeat&#8221; scene_position=&#8221;center&#8221; top_padding=&#8221;10%&#8221; bottom_padding=&#8221;15%&#8221; text_color=&#8221;light&#8221; text_align=&#8221;left&#8221; row_border_radius=&#8221;none&#8221; row_border_radius_applies=&#8221;bg&#8221; overflow=&#8221;visible&#8221; enable_gradient=&#8221;true&#8221; color_overlay=&#8221;rgba(29,63,128,0.94)&#8221; color_overlay_2=&#8221;rgba(8,145,220,0.71)&#8221; overlay_strength=&#8221;0.95&#8243; gradient_direction=&#8221;left_t_to_right_b&#8221; enable_shape_divider=&#8221;true&#8221; shape_divider_position=&#8221;bottom&#8221; shape_divider_height=&#8221;350&#8243; bg_image_animation=&#8221;none&#8221; parallax_bg=&#8221;true&#8221; parallax_bg_speed=&#8221;fast&#8221; shape_type=&#8221;waves_opacity_alt&#8221;][vc_column column_padding=&#8221;no-extra-padding&#8221; column_padding_tablet=&#8221;inherit&#8221; column_padding_phone=&#8221;inherit&#8221; column_padding_position=&#8221;all&#8221; column_element_spacing=&#8221;default&#8221; background_color_opacity=&#8221;1&#8243; background_hover_color_opacity=&#8221;1&#8243; column_shadow=&#8221;none&#8221; column_border_radius=&#8221;none&#8221; column_link_target=&#8221;_self&#8221; column_position=&#8221;default&#8221; gradient_direction=&#8221;left_to_right&#8221; overlay_strength=&#8221;0.3&#8243; width=&#8221;2\/3&#8243; tablet_width_inherit=&#8221;default&#8221; tablet_text_alignment=&#8221;default&#8221; phone_text_alignment=&#8221;default&#8221; animation_type=&#8221;default&#8221; bg_image_animation=&#8221;none&#8221; border_type=&#8221;simple&#8221; column_border_width=&#8221;none&#8221; column_border_style=&#8221;solid&#8221;][split_line_heading animation_type=&#8221;line-reveal-by-space&#8221; font_style=&#8221;h1&#8243; line_reveal_by_space_text_effect=&#8221;default&#8221; content_alignment=&#8221;default&#8221; mobile_content_alignment=&#8221;inherit&#8221; link_target=&#8221;_self&#8221; text_content=&#8221;Tuotteemme&#8221;]\n<h1>Turvallisuus, laatu ja ymp\u00e4rist\u00f6nsuojelu<\/h1>\n[\/split_line_heading][vc_row_inner column_margin=&#8221;default&#8221; column_direction=&#8221;default&#8221; column_direction_tablet=&#8221;default&#8221; column_direction_phone=&#8221;default&#8221; text_align=&#8221;left&#8221; row_position=&#8221;default&#8221; row_position_tablet=&#8221;inherit&#8221; row_position_phone=&#8221;inherit&#8221; overflow=&#8221;visible&#8221; pointer_events=&#8221;all&#8221;][vc_column_inner column_padding=&#8221;no-extra-padding&#8221; column_padding_tablet=&#8221;inherit&#8221; column_padding_phone=&#8221;inherit&#8221; column_padding_position=&#8221;all&#8221; column_element_spacing=&#8221;default&#8221; background_color_opacity=&#8221;1&#8243; background_hover_color_opacity=&#8221;1&#8243; column_shadow=&#8221;none&#8221; column_border_radius=&#8221;none&#8221; column_link_target=&#8221;_self&#8221; gradient_direction=&#8221;left_to_right&#8221; overlay_strength=&#8221;0.3&#8243; width=&#8221;3\/4&#8243; tablet_width_inherit=&#8221;default&#8221; animation_type=&#8221;default&#8221; enable_animation=&#8221;true&#8221; animation=&#8221;fade-in-from-bottom&#8221; bg_image_animation=&#8221;none&#8221; border_type=&#8221;simple&#8221; column_border_width=&#8221;none&#8221; column_border_style=&#8221;solid&#8221; delay=&#8221;200&#8243;][vc_custom_heading text=&#8221;&#8221; font_container=&#8221;tag:h4|font_size:20|text_align:left|color:rgba(255%2C255%2C255%2C0.7)|line_height:36px&#8221; google_fonts=&#8221;font_family:Roboto%3A100%2C100italic%2C300%2C300italic%2Cregular%2Citalic%2C500%2C500italic%2C700%2C700italic%2C900%2C900italic|font_style:500%20bold%20regular%3A500%3Anormal&#8221;][\/vc_column_inner][vc_column_inner column_padding=&#8221;no-extra-padding&#8221; column_padding_tablet=&#8221;inherit&#8221; column_padding_phone=&#8221;inherit&#8221; column_padding_position=&#8221;all&#8221; column_element_spacing=&#8221;default&#8221; background_color_opacity=&#8221;1&#8243; background_hover_color_opacity=&#8221;1&#8243; column_shadow=&#8221;none&#8221; column_border_radius=&#8221;none&#8221; column_link_target=&#8221;_self&#8221; gradient_direction=&#8221;left_to_right&#8221; overlay_strength=&#8221;0.3&#8243; width=&#8221;1\/4&#8243; tablet_width_inherit=&#8221;default&#8221; animation_type=&#8221;default&#8221; enable_animation=&#8221;true&#8221; animation=&#8221;fade-in-from-bottom&#8221; bg_image_animation=&#8221;none&#8221; border_type=&#8221;simple&#8221; column_border_width=&#8221;none&#8221; column_border_style=&#8221;solid&#8221; delay=&#8221;300&#8243;][\/vc_column_inner][\/vc_row_inner][\/vc_column][vc_column column_padding=&#8221;no-extra-padding&#8221; column_padding_tablet=&#8221;inherit&#8221; column_padding_phone=&#8221;inherit&#8221; column_padding_position=&#8221;all&#8221; column_element_spacing=&#8221;default&#8221; background_color_opacity=&#8221;1&#8243; background_hover_color_opacity=&#8221;1&#8243; column_shadow=&#8221;none&#8221; column_border_radius=&#8221;none&#8221; column_link_target=&#8221;_self&#8221; column_position=&#8221;default&#8221; gradient_direction=&#8221;left_to_right&#8221; overlay_strength=&#8221;0.3&#8243; width=&#8221;1\/3&#8243; tablet_width_inherit=&#8221;default&#8221; tablet_text_alignment=&#8221;default&#8221; phone_text_alignment=&#8221;default&#8221; animation_type=&#8221;default&#8221; bg_image_animation=&#8221;none&#8221; border_type=&#8221;simple&#8221; column_border_width=&#8221;none&#8221; column_border_style=&#8221;solid&#8221;][\/vc_column][\/vc_row][vc_row type=&#8221;in_container&#8221; full_screen_row_position=&#8221;middle&#8221; column_margin=&#8221;default&#8221; equal_height=&#8221;yes&#8221; content_placement=&#8221;top&#8221; column_direction=&#8221;default&#8221; column_direction_tablet=&#8221;default&#8221; column_direction_phone=&#8221;default&#8221; scene_position=&#8221;center&#8221; top_padding=&#8221;2%&#8221; bottom_padding=&#8221;5%&#8221; text_color=&#8221;dark&#8221; text_align=&#8221;left&#8221; row_border_radius=&#8221;none&#8221; row_border_radius_applies=&#8221;bg&#8221; overflow=&#8221;visible&#8221; overlay_strength=&#8221;0.3&#8243; gradient_direction=&#8221;left_to_right&#8221; shape_divider_position=&#8221;bottom&#8221; bg_image_animation=&#8221;none&#8221; shape_type=&#8221;&#8221;][vc_column column_padding=&#8221;padding-4-percent&#8221; column_padding_tablet=&#8221;inherit&#8221; column_padding_phone=&#8221;inherit&#8221; column_padding_position=&#8221;right&#8221; column_element_spacing=&#8221;default&#8221; background_color_opacity=&#8221;1&#8243; background_hover_color_opacity=&#8221;1&#8243; column_shadow=&#8221;none&#8221; column_border_radius=&#8221;none&#8221; column_link_target=&#8221;_self&#8221; column_position=&#8221;default&#8221; gradient_direction=&#8221;left_to_right&#8221; overlay_strength=&#8221;0.3&#8243; width=&#8221;1\/1&#8243; tablet_width_inherit=&#8221;default&#8221; tablet_text_alignment=&#8221;default&#8221; phone_text_alignment=&#8221;default&#8221; animation_type=&#8221;default&#8221; bg_image_animation=&#8221;none&#8221; border_type=&#8221;simple&#8221; column_border_width=&#8221;none&#8221; column_border_style=&#8221;solid&#8221;][divider line_type=&#8221;No Line&#8221; custom_height=&#8221;30&#8243;][vc_column_text]\n<h2>Laivapolttoaineet<\/h2>\n<p>Laitoksellamme tuotettava VG Marine EcoFuel<sup>TM<\/sup> on rikkivapaa, kierr\u00e4tetyst\u00e4 kasvi\u00f6ljyst\u00e4 valmistettu polttoaine, jota voidaan k\u00e4ytt\u00e4\u00e4 meriliikenteen polttoaineena sellaisenaan tai sekoitettuna fossiilisen dieselpolttoaineen kanssa.<\/p>\n<div class=\"page\" title=\"Page 3\">\n<div class=\"layoutArea\">\n<p>Kierr\u00e4tyspohjaisista raaka-aineista valmistetun biopolttoaineen kasvihuonekaasup\u00e4\u00e4st\u00f6t ovat jopa 96 % pienemm\u00e4t kuin vastaavan fossiilisen polttoaineen.<\/p>\n<h2>Teknisten \u00f6ljyjen raaka-aine<\/h2>\n<p>Valmistamme raaka-ainetta erilaisille teknisille \u00f6ljyille, kuten esim. moottorisaha-, voitelu-, ja hydraulisille \u00f6ljyille.<\/p>\n<\/div>\n<\/div>\n[\/vc_column_text][\/vc_column][\/vc_row]\n","protected":false},"excerpt":{"rendered":"<p>[vc_row type=&#8221;full_width_background&#8221; full_screen_row_position=&#8221;middle&#8221; column_margin=&#8221;default&#8221; column_direction=&#8221;default&#8221; column_direction_tablet=&#8221;default&#8221; column_direction_phone=&#8221;default&#8221; bg_color=&#8221;#0891dc&#8221; bg_image=&#8221;470&#8243; bg_position=&#8221;center center&#8221; background_image_loading=&#8221;default&#8221; bg_repeat=&#8221;no-repeat&#8221; scene_position=&#8221;center&#8221; top_padding=&#8221;10%&#8221; bottom_padding=&#8221;15%&#8221; text_color=&#8221;light&#8221; text_align=&#8221;left&#8221; row_border_radius=&#8221;none&#8221; row_border_radius_applies=&#8221;bg&#8221; overflow=&#8221;visible&#8221; enable_gradient=&#8221;true&#8221; color_overlay=&#8221;rgba(29,63,128,0.94)&#8221; color_overlay_2=&#8221;rgba(8,145,220,0.71)&#8221; overlay_strength=&#8221;0.95&#8243; gradient_direction=&#8221;left_t_to_right_b&#8221; enable_shape_divider=&#8221;true&#8221; shape_divider_position=&#8221;bottom&#8221; shape_divider_height=&#8221;350&#8243; bg_image_animation=&#8221;none&#8221;&#8230;<\/p>\n","protected":false},"author":2,"featured_media":0,"parent":0,"menu_order":0,"comment_status":"closed","ping_status":"closed","template":"","meta":{"footnotes":""},"class_list":["post-2131","page","type-page","status-publish"],"yoast_head":"<!-- This site is optimized with the Yoast SEO plugin v27.4 - https:\/\/yoast.com\/product\/yoast-seo-wordpress\/ -->\n<title>Tuotteemme - VG EcoFuel<\/title>\n<meta name=\"description\" content=\"Laitoksellamme tuotettava VG Marine EcoFuelTM on rikkivapaa polttoaine, joka vastaa my\u00f6s tuleviin kasvihuonekaasup\u00e4\u00e4st\u00f6rajoituksiin.\" \/>\n<meta name=\"robots\" content=\"index, follow, max-snippet:-1, max-image-preview:large, max-video-preview:-1\" \/>\n<link rel=\"canonical\" href=\"https:\/\/vgecofuel.fi\/en\/tuotteet\" \/>\n<meta property=\"og:locale\" content=\"en_US\" \/>\n<meta property=\"og:type\" content=\"article\" \/>\n<meta property=\"og:title\" content=\"Tuotteemme - VG EcoFuel\" \/>\n<meta property=\"og:description\" content=\"Laitoksellamme tuotettava VG Marine EcoFuelTM on rikkivapaa polttoaine, joka vastaa my\u00f6s tuleviin kasvihuonekaasup\u00e4\u00e4st\u00f6rajoituksiin.\" \/>\n<meta property=\"og:url\" content=\"https:\/\/vgecofuel.fi\/en\/tuotteet\" \/>\n<meta property=\"og:site_name\" content=\"VG EcoFuel\" \/>\n<meta property=\"article:modified_time\" content=\"2022-11-23T09:52:02+00:00\" \/>\n<meta name=\"twitter:card\" content=\"summary_large_image\" \/>\n<meta name=\"twitter:label1\" content=\"Est. reading time\" \/>\n\t<meta name=\"twitter:data1\" content=\"2 minutes\" \/>\n<script type=\"application\/ld+json\" class=\"yoast-schema-graph\">{\"@context\":\"https:\\\/\\\/schema.org\",\"@graph\":[{\"@type\":\"WebPage\",\"@id\":\"https:\\\/\\\/vgecofuel.fi\\\/en\\\/tuotteet\",\"url\":\"https:\\\/\\\/vgecofuel.fi\\\/en\\\/tuotteet\",\"name\":\"Tuotteemme - VG EcoFuel\",\"isPartOf\":{\"@id\":\"https:\\\/\\\/vgecofuel.fi\\\/en#website\"},\"datePublished\":\"2022-01-11T17:45:55+00:00\",\"dateModified\":\"2022-11-23T09:52:02+00:00\",\"description\":\"Laitoksellamme tuotettava VG Marine EcoFuelTM on rikkivapaa polttoaine, joka vastaa my\u00f6s tuleviin kasvihuonekaasup\u00e4\u00e4st\u00f6rajoituksiin.\",\"breadcrumb\":{\"@id\":\"https:\\\/\\\/vgecofuel.fi\\\/en\\\/tuotteet#breadcrumb\"},\"inLanguage\":\"en-US\",\"potentialAction\":[{\"@type\":\"ReadAction\",\"target\":[\"https:\\\/\\\/vgecofuel.fi\\\/en\\\/tuotteet\"]}]},{\"@type\":\"BreadcrumbList\",\"@id\":\"https:\\\/\\\/vgecofuel.fi\\\/en\\\/tuotteet#breadcrumb\",\"itemListElement\":[{\"@type\":\"ListItem\",\"position\":1,\"name\":\"Home\",\"item\":\"https:\\\/\\\/vgecofuel.fi\\\/en\"},{\"@type\":\"ListItem\",\"position\":2,\"name\":\"Tuotteemme\"}]},{\"@type\":\"WebSite\",\"@id\":\"https:\\\/\\\/vgecofuel.fi\\\/en#website\",\"url\":\"https:\\\/\\\/vgecofuel.fi\\\/en\",\"name\":\"VG EcoFuel\",\"description\":\"Kierr\u00e4tettyj\u00e4 Biopolttoaineita\",\"publisher\":{\"@id\":\"https:\\\/\\\/vgecofuel.fi\\\/en#organization\"},\"potentialAction\":[{\"@type\":\"SearchAction\",\"target\":{\"@type\":\"EntryPoint\",\"urlTemplate\":\"https:\\\/\\\/vgecofuel.fi\\\/en?s={search_term_string}\"},\"query-input\":{\"@type\":\"PropertyValueSpecification\",\"valueRequired\":true,\"valueName\":\"search_term_string\"}}],\"inLanguage\":\"en-US\"},{\"@type\":\"Organization\",\"@id\":\"https:\\\/\\\/vgecofuel.fi\\\/en#organization\",\"name\":\"VG EcoFuel\",\"url\":\"https:\\\/\\\/vgecofuel.fi\\\/en\",\"logo\":{\"@type\":\"ImageObject\",\"inLanguage\":\"en-US\",\"@id\":\"https:\\\/\\\/vgecofuel.fi\\\/en#\\\/schema\\\/logo\\\/image\\\/\",\"url\":\"https:\\\/\\\/vgecofuel.fi\\\/wp-content\\\/uploads\\\/2022\\\/01\\\/VG-EcoFuel-logo_800.png\",\"contentUrl\":\"https:\\\/\\\/vgecofuel.fi\\\/wp-content\\\/uploads\\\/2022\\\/01\\\/VG-EcoFuel-logo_800.png\",\"width\":800,\"height\":120,\"caption\":\"VG EcoFuel\"},\"image\":{\"@id\":\"https:\\\/\\\/vgecofuel.fi\\\/en#\\\/schema\\\/logo\\\/image\\\/\"}}]}<\/script>\n<!-- \/ Yoast SEO plugin. -->","yoast_head_json":{"title":"Tuotteemme - VG EcoFuel","description":"Laitoksellamme tuotettava VG Marine EcoFuelTM on rikkivapaa polttoaine, joka vastaa my\u00f6s tuleviin kasvihuonekaasup\u00e4\u00e4st\u00f6rajoituksiin.","robots":{"index":"index","follow":"follow","max-snippet":"max-snippet:-1","max-image-preview":"max-image-preview:large","max-video-preview":"max-video-preview:-1"},"canonical":"https:\/\/vgecofuel.fi\/en\/tuotteet","og_locale":"en_US","og_type":"article","og_title":"Tuotteemme - VG EcoFuel","og_description":"Laitoksellamme tuotettava VG Marine EcoFuelTM on rikkivapaa polttoaine, joka vastaa my\u00f6s tuleviin kasvihuonekaasup\u00e4\u00e4st\u00f6rajoituksiin.","og_url":"https:\/\/vgecofuel.fi\/en\/tuotteet","og_site_name":"VG EcoFuel","article_modified_time":"2022-11-23T09:52:02+00:00","twitter_card":"summary_large_image","twitter_misc":{"Est. reading time":"2 minutes"},"schema":{"@context":"https:\/\/schema.org","@graph":[{"@type":"WebPage","@id":"https:\/\/vgecofuel.fi\/en\/tuotteet","url":"https:\/\/vgecofuel.fi\/en\/tuotteet","name":"Tuotteemme - VG EcoFuel","isPartOf":{"@id":"https:\/\/vgecofuel.fi\/en#website"},"datePublished":"2022-01-11T17:45:55+00:00","dateModified":"2022-11-23T09:52:02+00:00","description":"Laitoksellamme tuotettava VG Marine EcoFuelTM on rikkivapaa polttoaine, joka vastaa my\u00f6s tuleviin kasvihuonekaasup\u00e4\u00e4st\u00f6rajoituksiin.","breadcrumb":{"@id":"https:\/\/vgecofuel.fi\/en\/tuotteet#breadcrumb"},"inLanguage":"en-US","potentialAction":[{"@type":"ReadAction","target":["https:\/\/vgecofuel.fi\/en\/tuotteet"]}]},{"@type":"BreadcrumbList","@id":"https:\/\/vgecofuel.fi\/en\/tuotteet#breadcrumb","itemListElement":[{"@type":"ListItem","position":1,"name":"Home","item":"https:\/\/vgecofuel.fi\/en"},{"@type":"ListItem","position":2,"name":"Tuotteemme"}]},{"@type":"WebSite","@id":"https:\/\/vgecofuel.fi\/en#website","url":"https:\/\/vgecofuel.fi\/en","name":"VG EcoFuel","description":"Kierr\u00e4tettyj\u00e4 Biopolttoaineita","publisher":{"@id":"https:\/\/vgecofuel.fi\/en#organization"},"potentialAction":[{"@type":"SearchAction","target":{"@type":"EntryPoint","urlTemplate":"https:\/\/vgecofuel.fi\/en?s={search_term_string}"},"query-input":{"@type":"PropertyValueSpecification","valueRequired":true,"valueName":"search_term_string"}}],"inLanguage":"en-US"},{"@type":"Organization","@id":"https:\/\/vgecofuel.fi\/en#organization","name":"VG EcoFuel","url":"https:\/\/vgecofuel.fi\/en","logo":{"@type":"ImageObject","inLanguage":"en-US","@id":"https:\/\/vgecofuel.fi\/en#\/schema\/logo\/image\/","url":"https:\/\/vgecofuel.fi\/wp-content\/uploads\/2022\/01\/VG-EcoFuel-logo_800.png","contentUrl":"https:\/\/vgecofuel.fi\/wp-content\/uploads\/2022\/01\/VG-EcoFuel-logo_800.png","width":800,"height":120,"caption":"VG EcoFuel"},"image":{"@id":"https:\/\/vgecofuel.fi\/en#\/schema\/logo\/image\/"}}]}},"_links":{"self":[{"href":"https:\/\/vgecofuel.fi\/en\/wp-json\/wp\/v2\/pages\/2131","targetHints":{"allow":["GET"]}}],"collection":[{"href":"https:\/\/vgecofuel.fi\/en\/wp-json\/wp\/v2\/pages"}],"about":[{"href":"https:\/\/vgecofuel.fi\/en\/wp-json\/wp\/v2\/types\/page"}],"author":[{"embeddable":true,"href":"https:\/\/vgecofuel.fi\/en\/wp-json\/wp\/v2\/users\/2"}],"replies":[{"embeddable":true,"href":"https:\/\/vgecofuel.fi\/en\/wp-json\/wp\/v2\/comments?post=2131"}],"version-history":[{"count":4,"href":"https:\/\/vgecofuel.fi\/en\/wp-json\/wp\/v2\/pages\/2131\/revisions"}],"predecessor-version":[{"id":2298,"href":"https:\/\/vgecofuel.fi\/en\/wp-json\/wp\/v2\/pages\/2131\/revisions\/2298"}],"wp:attachment":[{"href":"https:\/\/vgecofuel.fi\/en\/wp-json\/wp\/v2\/media?parent=2131"}],"curies":[{"name":"wp","href":"https:\/\/api.w.org\/{rel}","templated":true}]}}