{"id":2134,"date":"2018-10-30T11:02:19","date_gmt":"2018-10-30T09:02:19","guid":{"rendered":"https:\/\/vgecofuel.fi\/vg-ecofuel"},"modified":"2022-11-23T11:58:01","modified_gmt":"2022-11-23T09:58:01","slug":"vg-ecofuel","status":"publish","type":"page","link":"https:\/\/vgecofuel.fi\/en\/vg-ecofuel","title":{"rendered":"K\u00e4ytetyt paistorasvat biopolttoaineeksi"},"content":{"rendered":"[vc_row type=&#8221;full_width_background&#8221; full_screen_row_position=&#8221;middle&#8221; column_margin=&#8221;default&#8221; column_direction=&#8221;default&#8221; column_direction_tablet=&#8221;default&#8221; column_direction_phone=&#8221;default&#8221; bg_color=&#8221;#0891dc&#8221; bg_image=&#8221;2046&#8243; bg_position=&#8221;left top&#8221; background_image_loading=&#8221;default&#8221; bg_repeat=&#8221;no-repeat&#8221; scene_position=&#8221;center&#8221; top_padding=&#8221;8%&#8221; bottom_padding=&#8221;15%&#8221; text_color=&#8221;light&#8221; text_align=&#8221;left&#8221; row_border_radius=&#8221;none&#8221; row_border_radius_applies=&#8221;bg&#8221; overflow=&#8221;visible&#8221; enable_gradient=&#8221;true&#8221; color_overlay=&#8221;rgba(29,63,128,0.94)&#8221; color_overlay_2=&#8221;rgba(8,145,220,0.71)&#8221; advanced_gradient_angle=&#8221;0&#8243; overlay_strength=&#8221;0.95&#8243; gradient_direction=&#8221;left_t_to_right_b&#8221; enable_shape_divider=&#8221;true&#8221; shape_divider_position=&#8221;bottom&#8221; shape_divider_height=&#8221;350&#8243; bg_image_animation=&#8221;none&#8221; shape_type=&#8221;waves_opacity_alt&#8221; gradient_type=&#8221;default&#8221;][vc_column column_padding=&#8221;no-extra-padding&#8221; column_padding_tablet=&#8221;inherit&#8221; column_padding_phone=&#8221;inherit&#8221; column_padding_position=&#8221;all&#8221; column_element_spacing=&#8221;default&#8221; background_color_opacity=&#8221;1&#8243; background_hover_color_opacity=&#8221;1&#8243; column_shadow=&#8221;none&#8221; column_border_radius=&#8221;none&#8221; column_link_target=&#8221;_self&#8221; column_position=&#8221;default&#8221; gradient_direction=&#8221;left_to_right&#8221; overlay_strength=&#8221;0.3&#8243; width=&#8221;2\/3&#8243; tablet_width_inherit=&#8221;default&#8221; tablet_text_alignment=&#8221;default&#8221; phone_text_alignment=&#8221;default&#8221; animation_type=&#8221;default&#8221; bg_image_animation=&#8221;none&#8221; border_type=&#8221;simple&#8221; column_border_width=&#8221;none&#8221; column_border_style=&#8221;solid&#8221;][split_line_heading animation_type=&#8221;default&#8221;]\n<h1>K\u00e4ytetyt paistorasvat\u00a0 biopolttoaineeksi<\/h1>\n[\/split_line_heading][vc_row_inner column_margin=&#8221;default&#8221; column_direction=&#8221;default&#8221; column_direction_tablet=&#8221;default&#8221; column_direction_phone=&#8221;default&#8221; text_align=&#8221;left&#8221; row_position=&#8221;default&#8221; row_position_tablet=&#8221;inherit&#8221; row_position_phone=&#8221;inherit&#8221; overflow=&#8221;visible&#8221; pointer_events=&#8221;all&#8221;][vc_column_inner column_padding=&#8221;no-extra-padding&#8221; column_padding_tablet=&#8221;inherit&#8221; column_padding_phone=&#8221;inherit&#8221; column_padding_position=&#8221;all&#8221; column_element_spacing=&#8221;default&#8221; background_color_opacity=&#8221;1&#8243; background_hover_color_opacity=&#8221;1&#8243; column_shadow=&#8221;none&#8221; column_border_radius=&#8221;none&#8221; column_link_target=&#8221;_self&#8221; gradient_direction=&#8221;left_to_right&#8221; overlay_strength=&#8221;0.3&#8243; width=&#8221;3\/4&#8243; tablet_width_inherit=&#8221;default&#8221; animation_type=&#8221;default&#8221; enable_animation=&#8221;true&#8221; animation=&#8221;fade-in-from-bottom&#8221; bg_image_animation=&#8221;none&#8221; border_type=&#8221;simple&#8221; column_border_width=&#8221;none&#8221; column_border_style=&#8221;solid&#8221; delay=&#8221;200&#8243;][vc_custom_heading text=&#8221;Korkealaatuisia kierr\u00e4tettyj\u00e4 biopolttoaineita Suomesta &#8211; VG-EcoFuel&#8221; font_container=&#8221;tag:h4|font_size:20|text_align:left|color:rgba(255%2C255%2C255%2C0.7)|line_height:36px&#8221; google_fonts=&#8221;font_family:Roboto%3A100%2C100italic%2C300%2C300italic%2Cregular%2Citalic%2C500%2C500italic%2C700%2C700italic%2C900%2C900italic|font_style:500%20bold%20regular%3A500%3Anormal&#8221;][\/vc_column_inner][vc_column_inner column_padding=&#8221;no-extra-padding&#8221; column_padding_tablet=&#8221;inherit&#8221; column_padding_phone=&#8221;inherit&#8221; column_padding_position=&#8221;all&#8221; column_element_spacing=&#8221;default&#8221; background_color_opacity=&#8221;1&#8243; background_hover_color_opacity=&#8221;1&#8243; column_shadow=&#8221;none&#8221; column_border_radius=&#8221;none&#8221; column_link_target=&#8221;_self&#8221; gradient_direction=&#8221;left_to_right&#8221; overlay_strength=&#8221;0.3&#8243; width=&#8221;1\/4&#8243; tablet_width_inherit=&#8221;default&#8221; animation_type=&#8221;default&#8221; enable_animation=&#8221;true&#8221; animation=&#8221;fade-in-from-bottom&#8221; bg_image_animation=&#8221;none&#8221; border_type=&#8221;simple&#8221; column_border_width=&#8221;none&#8221; column_border_style=&#8221;solid&#8221; delay=&#8221;300&#8243;][\/vc_column_inner][\/vc_row_inner][vc_row_inner column_margin=&#8221;default&#8221; column_direction=&#8221;default&#8221; column_direction_tablet=&#8221;default&#8221; column_direction_phone=&#8221;default&#8221; text_align=&#8221;left&#8221; row_position=&#8221;default&#8221; row_position_tablet=&#8221;inherit&#8221; row_position_phone=&#8221;inherit&#8221; overflow=&#8221;visible&#8221; pointer_events=&#8221;all&#8221;][vc_column_inner column_padding=&#8221;no-extra-padding&#8221; column_padding_tablet=&#8221;inherit&#8221; column_padding_phone=&#8221;inherit&#8221; column_padding_position=&#8221;all&#8221; column_element_spacing=&#8221;default&#8221; background_color_opacity=&#8221;1&#8243; background_hover_color_opacity=&#8221;1&#8243; column_shadow=&#8221;none&#8221; column_border_radius=&#8221;none&#8221; column_link_target=&#8221;_self&#8221; gradient_direction=&#8221;left_to_right&#8221; overlay_strength=&#8221;0.3&#8243; width=&#8221;1\/1&#8243; tablet_width_inherit=&#8221;default&#8221; animation_type=&#8221;default&#8221; enable_animation=&#8221;true&#8221; animation=&#8221;fade-in-from-bottom&#8221; bg_image_animation=&#8221;none&#8221; border_type=&#8221;simple&#8221; column_border_width=&#8221;none&#8221; column_border_style=&#8221;solid&#8221; delay=&#8221;400&#8243;][nectar_btn size=&#8221;jumbo&#8221; button_style=&#8221;see-through-2&#8243; color_override=&#8221;#ffffff&#8221; hover_color_override=&#8221;#ffffff&#8221; hover_text_color_override=&#8221;#000000&#8243; icon_family=&#8221;none&#8221; url=&#8221;#palvelut&#8221; text=&#8221;Lue lis\u00e4\u00e4&#8221; margin_top=&#8221;30&#8243;][\/vc_column_inner][\/vc_row_inner][\/vc_column][vc_column column_padding=&#8221;no-extra-padding&#8221; column_padding_tablet=&#8221;inherit&#8221; column_padding_phone=&#8221;inherit&#8221; column_padding_position=&#8221;all&#8221; column_element_spacing=&#8221;default&#8221; background_color_opacity=&#8221;1&#8243; background_hover_color_opacity=&#8221;1&#8243; column_shadow=&#8221;none&#8221; column_border_radius=&#8221;none&#8221; column_link_target=&#8221;_self&#8221; column_position=&#8221;default&#8221; gradient_direction=&#8221;left_to_right&#8221; overlay_strength=&#8221;0.3&#8243; width=&#8221;1\/3&#8243; tablet_width_inherit=&#8221;default&#8221; tablet_text_alignment=&#8221;default&#8221; phone_text_alignment=&#8221;default&#8221; animation_type=&#8221;default&#8221; bg_image_animation=&#8221;none&#8221; border_type=&#8221;simple&#8221; column_border_width=&#8221;none&#8221; column_border_style=&#8221;solid&#8221;][divider line_type=&#8221;No Line&#8221; custom_height=&#8221;200&#8243;][\/vc_column][\/vc_row][vc_row type=&#8221;in_container&#8221; full_screen_row_position=&#8221;middle&#8221; column_margin=&#8221;default&#8221; equal_height=&#8221;yes&#8221; content_placement=&#8221;middle&#8221; column_direction=&#8221;default&#8221; column_direction_tablet=&#8221;default&#8221; column_direction_phone=&#8221;default&#8221; scene_position=&#8221;center&#8221; top_padding=&#8221;5%&#8221; bottom_padding=&#8221;5%&#8221; text_color=&#8221;dark&#8221; text_align=&#8221;left&#8221; row_border_radius=&#8221;none&#8221; row_border_radius_applies=&#8221;bg&#8221; overflow=&#8221;visible&#8221; id=&#8221;palvelut&#8221; overlay_strength=&#8221;0.3&#8243; gradient_direction=&#8221;left_to_right&#8221; shape_divider_position=&#8221;bottom&#8221; bg_image_animation=&#8221;none&#8221; shape_type=&#8221;&#8221;][vc_column column_padding=&#8221;padding-4-percent&#8221; column_padding_tablet=&#8221;inherit&#8221; column_padding_phone=&#8221;inherit&#8221; column_padding_position=&#8221;right&#8221; column_element_spacing=&#8221;default&#8221; background_color_opacity=&#8221;1&#8243; background_hover_color_opacity=&#8221;1&#8243; column_shadow=&#8221;none&#8221; column_border_radius=&#8221;none&#8221; column_link_target=&#8221;_self&#8221; column_position=&#8221;default&#8221; gradient_direction=&#8221;left_to_right&#8221; overlay_strength=&#8221;0.3&#8243; width=&#8221;1\/1&#8243; tablet_width_inherit=&#8221;default&#8221; tablet_text_alignment=&#8221;default&#8221; phone_text_alignment=&#8221;default&#8221; animation_type=&#8221;default&#8221; bg_image_animation=&#8221;none&#8221; border_type=&#8221;simple&#8221; column_border_width=&#8221;none&#8221; column_border_style=&#8221;solid&#8221;][vc_column_text]\n<h2>Paistorasvat ymp\u00e4rist\u00f6yst\u00e4v\u00e4lliseksi biopolttoaineeksi<\/h2>\n<p>&nbsp;<\/p>\n<p>VG-EcoFuel ker\u00e4ilee elintarviketeollisuuden sivutuotteena syntyvi\u00e4 kierr\u00e4tys\u00f6ljyj\u00e4 ja jalostaa niit\u00e4 jatkok\u00e4ytt\u00f6\u00e4 varten. \u00d6ljyj\u00e4 k\u00e4ytet\u00e4\u00e4n teknisten \u00f6ljyjen ja rehun raaka-aineena tai jatkojalostetaan biopolttoaineeksi. Biopolttoainetuotannon osalta p\u00e4\u00e4raaka-aineemme on k\u00e4ytetty paistorasva (used cooking oil). Rehuksi soveltuvaa kala\u00f6ljy\u00e4 valmistamme kalanperkuuj\u00e4tteest\u00e4. \u00d6ljylaitoksemme sijaitsee Uudessakaupungissa.<\/p>\n<p>VG-EcoFuelin raaka-aineet ovat 100-prosenttisesti j\u00e4te- ja kierr\u00e4tyspohjaisia, ja siksi niist\u00e4 tuotetun biopolttoaineen kasvihuonekaasup\u00e4\u00e4st\u00f6vaikutus on jopa 96 % pienempi fossiilisiin \u00f6ljyihin ja polttoaineisiin verrattuna. N\u00e4in ollen ne ovat kest\u00e4v\u00e4 vaihtoehto korvaamaan neitseellisi\u00e4 kasvi\u00f6ljyj\u00e4. VG-EcoFuelilla on Energiaviraston hyv\u00e4ksym\u00e4 kest\u00e4vyysj\u00e4rjestelm\u00e4, joka t\u00e4ytt\u00e4\u00e4 EU:n RED II-direktiivin ja kansallisen lains\u00e4\u00e4d\u00e4nn\u00f6n vaatimukset.[\/vc_column_text][\/vc_column][\/vc_row]\n","protected":false},"excerpt":{"rendered":"<p>[vc_row type=&#8221;full_width_background&#8221; full_screen_row_position=&#8221;middle&#8221; column_margin=&#8221;default&#8221; column_direction=&#8221;default&#8221; column_direction_tablet=&#8221;default&#8221; column_direction_phone=&#8221;default&#8221; bg_color=&#8221;#0891dc&#8221; bg_image=&#8221;2046&#8243; bg_position=&#8221;left top&#8221; background_image_loading=&#8221;default&#8221; bg_repeat=&#8221;no-repeat&#8221; scene_position=&#8221;center&#8221; top_padding=&#8221;8%&#8221; bottom_padding=&#8221;15%&#8221; text_color=&#8221;light&#8221; text_align=&#8221;left&#8221; row_border_radius=&#8221;none&#8221; row_border_radius_applies=&#8221;bg&#8221; overflow=&#8221;visible&#8221; enable_gradient=&#8221;true&#8221; color_overlay=&#8221;rgba(29,63,128,0.94)&#8221; color_overlay_2=&#8221;rgba(8,145,220,0.71)&#8221; advanced_gradient_angle=&#8221;0&#8243; overlay_strength=&#8221;0.95&#8243; gradient_direction=&#8221;left_t_to_right_b&#8221; enable_shape_divider=&#8221;true&#8221; shape_divider_position=&#8221;bottom&#8221; shape_divider_height=&#8221;350&#8243;&#8230;<\/p>\n","protected":false},"author":2,"featured_media":0,"parent":0,"menu_order":0,"comment_status":"closed","ping_status":"closed","template":"","meta":{"footnotes":""},"class_list":["post-2134","page","type-page","status-publish"],"yoast_head":"<!-- This site is optimized with the Yoast SEO plugin v27.4 - https:\/\/yoast.com\/product\/yoast-seo-wordpress\/ -->\n<title>K\u00e4ytetyt paistorasvat biopolttoaineeksi - VG EcoFuel<\/title>\n<meta name=\"description\" content=\"VG EcoFuelin raaka-aineet ovat 100-prosenttisesti j\u00e4te- ja kierr\u00e4tyspohjaisia, ja siksi niist\u00e4 tuotettujen biopolttoaineiden kasvihuonekaasup\u00e4\u00e4st\u00f6vaikutus on 60-97% pienempi fossiilisiin \u00f6ljyihin ja polttoaineisiin verrattuna.\" \/>\n<meta name=\"robots\" content=\"index, follow, max-snippet:-1, max-image-preview:large, max-video-preview:-1\" \/>\n<link rel=\"canonical\" href=\"https:\/\/vgecofuel.fi\/en\/vg-ecofuel\" \/>\n<meta property=\"og:locale\" content=\"en_US\" \/>\n<meta property=\"og:type\" content=\"article\" \/>\n<meta property=\"og:title\" content=\"K\u00e4ytetyt paistorasvat biopolttoaineeksi - VG EcoFuel\" \/>\n<meta property=\"og:description\" content=\"VG EcoFuelin raaka-aineet ovat 100-prosenttisesti j\u00e4te- ja kierr\u00e4tyspohjaisia, ja siksi niist\u00e4 tuotettujen biopolttoaineiden kasvihuonekaasup\u00e4\u00e4st\u00f6vaikutus on 60-97% pienempi fossiilisiin \u00f6ljyihin ja polttoaineisiin verrattuna.\" \/>\n<meta property=\"og:url\" content=\"https:\/\/vgecofuel.fi\/en\/vg-ecofuel\" \/>\n<meta property=\"og:site_name\" content=\"VG EcoFuel\" \/>\n<meta property=\"article:modified_time\" content=\"2022-11-23T09:58:01+00:00\" \/>\n<meta name=\"twitter:card\" content=\"summary_large_image\" \/>\n<meta name=\"twitter:label1\" content=\"Est. reading time\" \/>\n\t<meta name=\"twitter:data1\" content=\"2 minutes\" \/>\n<script type=\"application\/ld+json\" class=\"yoast-schema-graph\">{\"@context\":\"https:\\\/\\\/schema.org\",\"@graph\":[{\"@type\":\"WebPage\",\"@id\":\"https:\\\/\\\/vgecofuel.fi\\\/en\\\/vg-ecofuel\",\"url\":\"https:\\\/\\\/vgecofuel.fi\\\/en\\\/vg-ecofuel\",\"name\":\"K\u00e4ytetyt paistorasvat biopolttoaineeksi - VG EcoFuel\",\"isPartOf\":{\"@id\":\"https:\\\/\\\/vgecofuel.fi\\\/en#website\"},\"datePublished\":\"2018-10-30T09:02:19+00:00\",\"dateModified\":\"2022-11-23T09:58:01+00:00\",\"description\":\"VG EcoFuelin raaka-aineet ovat 100-prosenttisesti j\u00e4te- ja kierr\u00e4tyspohjaisia, ja siksi niist\u00e4 tuotettujen biopolttoaineiden kasvihuonekaasup\u00e4\u00e4st\u00f6vaikutus on 60-97% pienempi fossiilisiin \u00f6ljyihin ja polttoaineisiin verrattuna.\",\"breadcrumb\":{\"@id\":\"https:\\\/\\\/vgecofuel.fi\\\/en\\\/vg-ecofuel#breadcrumb\"},\"inLanguage\":\"en-US\",\"potentialAction\":[{\"@type\":\"ReadAction\",\"target\":[\"https:\\\/\\\/vgecofuel.fi\\\/en\\\/vg-ecofuel\"]}]},{\"@type\":\"BreadcrumbList\",\"@id\":\"https:\\\/\\\/vgecofuel.fi\\\/en\\\/vg-ecofuel#breadcrumb\",\"itemListElement\":[{\"@type\":\"ListItem\",\"position\":1,\"name\":\"Home\",\"item\":\"https:\\\/\\\/vgecofuel.fi\\\/en\"},{\"@type\":\"ListItem\",\"position\":2,\"name\":\"K\u00e4ytetyt paistorasvat biopolttoaineeksi\"}]},{\"@type\":\"WebSite\",\"@id\":\"https:\\\/\\\/vgecofuel.fi\\\/en#website\",\"url\":\"https:\\\/\\\/vgecofuel.fi\\\/en\",\"name\":\"VG EcoFuel\",\"description\":\"Kierr\u00e4tettyj\u00e4 Biopolttoaineita\",\"publisher\":{\"@id\":\"https:\\\/\\\/vgecofuel.fi\\\/en#organization\"},\"potentialAction\":[{\"@type\":\"SearchAction\",\"target\":{\"@type\":\"EntryPoint\",\"urlTemplate\":\"https:\\\/\\\/vgecofuel.fi\\\/en?s={search_term_string}\"},\"query-input\":{\"@type\":\"PropertyValueSpecification\",\"valueRequired\":true,\"valueName\":\"search_term_string\"}}],\"inLanguage\":\"en-US\"},{\"@type\":\"Organization\",\"@id\":\"https:\\\/\\\/vgecofuel.fi\\\/en#organization\",\"name\":\"VG EcoFuel\",\"url\":\"https:\\\/\\\/vgecofuel.fi\\\/en\",\"logo\":{\"@type\":\"ImageObject\",\"inLanguage\":\"en-US\",\"@id\":\"https:\\\/\\\/vgecofuel.fi\\\/en#\\\/schema\\\/logo\\\/image\\\/\",\"url\":\"https:\\\/\\\/vgecofuel.fi\\\/wp-content\\\/uploads\\\/2022\\\/01\\\/VG-EcoFuel-logo_800.png\",\"contentUrl\":\"https:\\\/\\\/vgecofuel.fi\\\/wp-content\\\/uploads\\\/2022\\\/01\\\/VG-EcoFuel-logo_800.png\",\"width\":800,\"height\":120,\"caption\":\"VG EcoFuel\"},\"image\":{\"@id\":\"https:\\\/\\\/vgecofuel.fi\\\/en#\\\/schema\\\/logo\\\/image\\\/\"}}]}<\/script>\n<!-- \/ Yoast SEO plugin. -->","yoast_head_json":{"title":"K\u00e4ytetyt paistorasvat biopolttoaineeksi - VG EcoFuel","description":"VG EcoFuelin raaka-aineet ovat 100-prosenttisesti j\u00e4te- ja kierr\u00e4tyspohjaisia, ja siksi niist\u00e4 tuotettujen biopolttoaineiden kasvihuonekaasup\u00e4\u00e4st\u00f6vaikutus on 60-97% pienempi fossiilisiin \u00f6ljyihin ja polttoaineisiin verrattuna.","robots":{"index":"index","follow":"follow","max-snippet":"max-snippet:-1","max-image-preview":"max-image-preview:large","max-video-preview":"max-video-preview:-1"},"canonical":"https:\/\/vgecofuel.fi\/en\/vg-ecofuel","og_locale":"en_US","og_type":"article","og_title":"K\u00e4ytetyt paistorasvat biopolttoaineeksi - VG EcoFuel","og_description":"VG EcoFuelin raaka-aineet ovat 100-prosenttisesti j\u00e4te- ja kierr\u00e4tyspohjaisia, ja siksi niist\u00e4 tuotettujen biopolttoaineiden kasvihuonekaasup\u00e4\u00e4st\u00f6vaikutus on 60-97% pienempi fossiilisiin \u00f6ljyihin ja polttoaineisiin verrattuna.","og_url":"https:\/\/vgecofuel.fi\/en\/vg-ecofuel","og_site_name":"VG EcoFuel","article_modified_time":"2022-11-23T09:58:01+00:00","twitter_card":"summary_large_image","twitter_misc":{"Est. reading time":"2 minutes"},"schema":{"@context":"https:\/\/schema.org","@graph":[{"@type":"WebPage","@id":"https:\/\/vgecofuel.fi\/en\/vg-ecofuel","url":"https:\/\/vgecofuel.fi\/en\/vg-ecofuel","name":"K\u00e4ytetyt paistorasvat biopolttoaineeksi - VG EcoFuel","isPartOf":{"@id":"https:\/\/vgecofuel.fi\/en#website"},"datePublished":"2018-10-30T09:02:19+00:00","dateModified":"2022-11-23T09:58:01+00:00","description":"VG EcoFuelin raaka-aineet ovat 100-prosenttisesti j\u00e4te- ja kierr\u00e4tyspohjaisia, ja siksi niist\u00e4 tuotettujen biopolttoaineiden kasvihuonekaasup\u00e4\u00e4st\u00f6vaikutus on 60-97% pienempi fossiilisiin \u00f6ljyihin ja polttoaineisiin verrattuna.","breadcrumb":{"@id":"https:\/\/vgecofuel.fi\/en\/vg-ecofuel#breadcrumb"},"inLanguage":"en-US","potentialAction":[{"@type":"ReadAction","target":["https:\/\/vgecofuel.fi\/en\/vg-ecofuel"]}]},{"@type":"BreadcrumbList","@id":"https:\/\/vgecofuel.fi\/en\/vg-ecofuel#breadcrumb","itemListElement":[{"@type":"ListItem","position":1,"name":"Home","item":"https:\/\/vgecofuel.fi\/en"},{"@type":"ListItem","position":2,"name":"K\u00e4ytetyt paistorasvat biopolttoaineeksi"}]},{"@type":"WebSite","@id":"https:\/\/vgecofuel.fi\/en#website","url":"https:\/\/vgecofuel.fi\/en","name":"VG EcoFuel","description":"Kierr\u00e4tettyj\u00e4 Biopolttoaineita","publisher":{"@id":"https:\/\/vgecofuel.fi\/en#organization"},"potentialAction":[{"@type":"SearchAction","target":{"@type":"EntryPoint","urlTemplate":"https:\/\/vgecofuel.fi\/en?s={search_term_string}"},"query-input":{"@type":"PropertyValueSpecification","valueRequired":true,"valueName":"search_term_string"}}],"inLanguage":"en-US"},{"@type":"Organization","@id":"https:\/\/vgecofuel.fi\/en#organization","name":"VG EcoFuel","url":"https:\/\/vgecofuel.fi\/en","logo":{"@type":"ImageObject","inLanguage":"en-US","@id":"https:\/\/vgecofuel.fi\/en#\/schema\/logo\/image\/","url":"https:\/\/vgecofuel.fi\/wp-content\/uploads\/2022\/01\/VG-EcoFuel-logo_800.png","contentUrl":"https:\/\/vgecofuel.fi\/wp-content\/uploads\/2022\/01\/VG-EcoFuel-logo_800.png","width":800,"height":120,"caption":"VG EcoFuel"},"image":{"@id":"https:\/\/vgecofuel.fi\/en#\/schema\/logo\/image\/"}}]}},"_links":{"self":[{"href":"https:\/\/vgecofuel.fi\/en\/wp-json\/wp\/v2\/pages\/2134","targetHints":{"allow":["GET"]}}],"collection":[{"href":"https:\/\/vgecofuel.fi\/en\/wp-json\/wp\/v2\/pages"}],"about":[{"href":"https:\/\/vgecofuel.fi\/en\/wp-json\/wp\/v2\/types\/page"}],"author":[{"embeddable":true,"href":"https:\/\/vgecofuel.fi\/en\/wp-json\/wp\/v2\/users\/2"}],"replies":[{"embeddable":true,"href":"https:\/\/vgecofuel.fi\/en\/wp-json\/wp\/v2\/comments?post=2134"}],"version-history":[{"count":5,"href":"https:\/\/vgecofuel.fi\/en\/wp-json\/wp\/v2\/pages\/2134\/revisions"}],"predecessor-version":[{"id":2301,"href":"https:\/\/vgecofuel.fi\/en\/wp-json\/wp\/v2\/pages\/2134\/revisions\/2301"}],"wp:attachment":[{"href":"https:\/\/vgecofuel.fi\/en\/wp-json\/wp\/v2\/media?parent=2134"}],"curies":[{"name":"wp","href":"https:\/\/api.w.org\/{rel}","templated":true}]}}