{"id":2136,"date":"2018-10-16T09:48:54","date_gmt":"2018-10-16T06:48:54","guid":{"rendered":"https:\/\/vgecofuel.fi\/keraily"},"modified":"2025-07-29T10:32:06","modified_gmt":"2025-07-29T07:32:06","slug":"collection","status":"publish","type":"page","link":"https:\/\/vgecofuel.fi\/en\/collection","title":{"rendered":"Collecting used cooking oils"},"content":{"rendered":"[vc_row type=&#8221;full_width_background&#8221; full_screen_row_position=&#8221;middle&#8221; column_margin=&#8221;default&#8221; column_direction=&#8221;default&#8221; column_direction_tablet=&#8221;default&#8221; column_direction_phone=&#8221;default&#8221; bg_color=&#8221;#0891dc&#8221; bg_image=&#8221;2018&#8243; bg_position=&#8221;center center&#8221; background_image_loading=&#8221;default&#8221; bg_repeat=&#8221;no-repeat&#8221; scene_position=&#8221;center&#8221; top_padding=&#8221;10%&#8221; bottom_padding=&#8221;15%&#8221; text_color=&#8221;light&#8221; text_align=&#8221;left&#8221; row_border_radius=&#8221;none&#8221; row_border_radius_applies=&#8221;bg&#8221; overflow=&#8221;visible&#8221; enable_gradient=&#8221;true&#8221; color_overlay=&#8221;rgba(29,63,128,0.94)&#8221; color_overlay_2=&#8221;rgba(8,145,220,0.71)&#8221; advanced_gradient_angle=&#8221;0&#8243; overlay_strength=&#8221;0.95&#8243; gradient_direction=&#8221;left_t_to_right_b&#8221; enable_shape_divider=&#8221;true&#8221; shape_divider_position=&#8221;bottom&#8221; shape_divider_height=&#8221;350&#8243; bg_image_animation=&#8221;none&#8221; parallax_bg=&#8221;true&#8221; parallax_bg_speed=&#8221;fast&#8221; shape_type=&#8221;waves_opacity_alt&#8221; gradient_type=&#8221;default&#8221;][vc_column column_padding=&#8221;no-extra-padding&#8221; column_padding_tablet=&#8221;inherit&#8221; column_padding_phone=&#8221;inherit&#8221; column_padding_position=&#8221;all&#8221; column_element_direction_desktop=&#8221;default&#8221; column_element_spacing=&#8221;default&#8221; desktop_text_alignment=&#8221;default&#8221; tablet_text_alignment=&#8221;default&#8221; phone_text_alignment=&#8221;default&#8221; background_color_opacity=&#8221;1&#8243; background_hover_color_opacity=&#8221;1&#8243; column_backdrop_filter=&#8221;none&#8221; column_shadow=&#8221;none&#8221; column_border_radius=&#8221;none&#8221; column_link_target=&#8221;_self&#8221; column_position=&#8221;default&#8221; gradient_direction=&#8221;left_to_right&#8221; overlay_strength=&#8221;0.3&#8243; width=&#8221;2\/3&#8243; tablet_width_inherit=&#8221;default&#8221; animation_type=&#8221;default&#8221; bg_image_animation=&#8221;none&#8221; border_type=&#8221;simple&#8221; column_border_width=&#8221;none&#8221; column_border_style=&#8221;solid&#8221;][split_line_heading animation_type=&#8221;default&#8221;]\n<h1>Used cooking oils<\/h1>\n[\/split_line_heading][vc_row_inner column_margin=&#8221;default&#8221; column_direction=&#8221;default&#8221; column_direction_tablet=&#8221;default&#8221; column_direction_phone=&#8221;default&#8221; text_align=&#8221;left&#8221; row_position=&#8221;default&#8221; row_position_tablet=&#8221;inherit&#8221; row_position_phone=&#8221;inherit&#8221; overflow=&#8221;visible&#8221; pointer_events=&#8221;all&#8221;][vc_column_inner column_padding=&#8221;no-extra-padding&#8221; column_padding_tablet=&#8221;inherit&#8221; column_padding_phone=&#8221;inherit&#8221; column_padding_position=&#8221;all&#8221; column_element_direction_desktop=&#8221;default&#8221; column_element_spacing=&#8221;default&#8221; desktop_text_alignment=&#8221;default&#8221; tablet_text_alignment=&#8221;default&#8221; phone_text_alignment=&#8221;default&#8221; background_color_opacity=&#8221;1&#8243; background_hover_color_opacity=&#8221;1&#8243; column_backdrop_filter=&#8221;none&#8221; column_shadow=&#8221;none&#8221; column_border_radius=&#8221;none&#8221; column_link_target=&#8221;_self&#8221; overflow=&#8221;visible&#8221; gradient_direction=&#8221;left_to_right&#8221; overlay_strength=&#8221;0.3&#8243; width=&#8221;3\/4&#8243; tablet_width_inherit=&#8221;default&#8221; animation_type=&#8221;default&#8221; enable_animation=&#8221;true&#8221; animation=&#8221;fade-in-from-bottom&#8221; animation_easing=&#8221;default&#8221; bg_image_animation=&#8221;none&#8221; border_type=&#8221;simple&#8221; column_border_width=&#8221;none&#8221; column_border_style=&#8221;solid&#8221; delay=&#8221;200&#8243;][vc_custom_heading text=&#8221;Recycling your oils is combatting climate change in a concrete way!&#8221; font_container=&#8221;tag:h4|font_size:20|text_align:left|color:rgba(255%2C255%2C255%2C0.7)|line_height:36px&#8221; google_fonts=&#8221;font_family:Roboto%3A100%2C100italic%2C300%2C300italic%2Cregular%2Citalic%2C500%2C500italic%2C700%2C700italic%2C900%2C900italic|font_style:500%20bold%20regular%3A500%3Anormal&#8221; css=&#8221;&#8221;][\/vc_column_inner][vc_column_inner column_padding=&#8221;no-extra-padding&#8221; column_padding_tablet=&#8221;inherit&#8221; column_padding_phone=&#8221;inherit&#8221; column_padding_position=&#8221;all&#8221; column_element_direction_desktop=&#8221;default&#8221; column_element_spacing=&#8221;default&#8221; desktop_text_alignment=&#8221;default&#8221; tablet_text_alignment=&#8221;default&#8221; phone_text_alignment=&#8221;default&#8221; background_color_opacity=&#8221;1&#8243; background_hover_color_opacity=&#8221;1&#8243; column_backdrop_filter=&#8221;none&#8221; column_shadow=&#8221;none&#8221; column_border_radius=&#8221;none&#8221; column_link_target=&#8221;_self&#8221; overflow=&#8221;visible&#8221; gradient_direction=&#8221;left_to_right&#8221; overlay_strength=&#8221;0.3&#8243; width=&#8221;1\/4&#8243; tablet_width_inherit=&#8221;default&#8221; animation_type=&#8221;default&#8221; enable_animation=&#8221;true&#8221; animation=&#8221;fade-in-from-bottom&#8221; animation_easing=&#8221;default&#8221; bg_image_animation=&#8221;none&#8221; border_type=&#8221;simple&#8221; column_border_width=&#8221;none&#8221; column_border_style=&#8221;solid&#8221; delay=&#8221;300&#8243;][\/vc_column_inner][\/vc_row_inner][vc_row_inner column_margin=&#8221;default&#8221; column_direction=&#8221;default&#8221; column_direction_tablet=&#8221;default&#8221; column_direction_phone=&#8221;default&#8221; text_align=&#8221;left&#8221; row_position=&#8221;default&#8221; row_position_tablet=&#8221;inherit&#8221; row_position_phone=&#8221;inherit&#8221; overflow=&#8221;visible&#8221; pointer_events=&#8221;all&#8221;][vc_column_inner column_padding=&#8221;no-extra-padding&#8221; column_padding_tablet=&#8221;inherit&#8221; column_padding_phone=&#8221;inherit&#8221; column_padding_position=&#8221;all&#8221; column_element_direction_desktop=&#8221;default&#8221; column_element_spacing=&#8221;default&#8221; desktop_text_alignment=&#8221;default&#8221; tablet_text_alignment=&#8221;default&#8221; phone_text_alignment=&#8221;default&#8221; background_color_opacity=&#8221;1&#8243; background_hover_color_opacity=&#8221;1&#8243; column_backdrop_filter=&#8221;none&#8221; column_shadow=&#8221;none&#8221; column_border_radius=&#8221;none&#8221; column_link_target=&#8221;_self&#8221; overflow=&#8221;visible&#8221; gradient_direction=&#8221;left_to_right&#8221; overlay_strength=&#8221;0.3&#8243; width=&#8221;1\/1&#8243; tablet_width_inherit=&#8221;default&#8221; animation_type=&#8221;default&#8221; enable_animation=&#8221;true&#8221; animation=&#8221;fade-in-from-bottom&#8221; animation_easing=&#8221;default&#8221; bg_image_animation=&#8221;none&#8221; border_type=&#8221;simple&#8221; column_border_width=&#8221;none&#8221; column_border_style=&#8221;solid&#8221; delay=&#8221;400&#8243;][nectar_btn size=&#8221;jumbo&#8221; button_style=&#8221;see-through-2&#8243; color_override=&#8221;#ffffff&#8221; hover_color_override=&#8221;#ffffff&#8221; hover_text_color_override=&#8221;#000000&#8243; icon_family=&#8221;none&#8221; url=&#8221;#miehitys&#8221; text=&#8221;Read more&#8221; margin_top=&#8221;30&#8243;][\/vc_column_inner][\/vc_row_inner][\/vc_column][vc_column column_padding=&#8221;no-extra-padding&#8221; column_padding_tablet=&#8221;inherit&#8221; column_padding_phone=&#8221;inherit&#8221; column_padding_position=&#8221;all&#8221; column_element_direction_desktop=&#8221;default&#8221; column_element_spacing=&#8221;default&#8221; desktop_text_alignment=&#8221;default&#8221; tablet_text_alignment=&#8221;default&#8221; phone_text_alignment=&#8221;default&#8221; background_color_opacity=&#8221;1&#8243; background_hover_color_opacity=&#8221;1&#8243; column_backdrop_filter=&#8221;none&#8221; column_shadow=&#8221;none&#8221; column_border_radius=&#8221;none&#8221; column_link_target=&#8221;_self&#8221; column_position=&#8221;default&#8221; gradient_direction=&#8221;left_to_right&#8221; overlay_strength=&#8221;0.3&#8243; width=&#8221;1\/3&#8243; tablet_width_inherit=&#8221;default&#8221; animation_type=&#8221;default&#8221; bg_image_animation=&#8221;none&#8221; border_type=&#8221;simple&#8221; column_border_width=&#8221;none&#8221; column_border_style=&#8221;solid&#8221;][\/vc_column][\/vc_row][vc_row type=&#8221;in_container&#8221; full_screen_row_position=&#8221;middle&#8221; column_margin=&#8221;default&#8221; equal_height=&#8221;yes&#8221; content_placement=&#8221;top&#8221; column_direction=&#8221;default&#8221; column_direction_tablet=&#8221;default&#8221; column_direction_phone=&#8221;default&#8221; scene_position=&#8221;center&#8221; top_padding=&#8221;2%&#8221; bottom_padding=&#8221;5%&#8221; text_color=&#8221;dark&#8221; text_align=&#8221;left&#8221; row_border_radius=&#8221;none&#8221; row_border_radius_applies=&#8221;bg&#8221; overflow=&#8221;visible&#8221; id=&#8221;miehitys&#8221; overlay_strength=&#8221;0.3&#8243; gradient_direction=&#8221;left_to_right&#8221; shape_divider_position=&#8221;bottom&#8221; bg_image_animation=&#8221;none&#8221; shape_type=&#8221;&#8221;][vc_column column_padding=&#8221;padding-4-percent&#8221; column_padding_tablet=&#8221;inherit&#8221; column_padding_phone=&#8221;inherit&#8221; column_padding_position=&#8221;right&#8221; column_element_direction_desktop=&#8221;default&#8221; column_element_spacing=&#8221;default&#8221; desktop_text_alignment=&#8221;default&#8221; tablet_text_alignment=&#8221;default&#8221; phone_text_alignment=&#8221;default&#8221; background_color_opacity=&#8221;1&#8243; background_hover_color_opacity=&#8221;1&#8243; column_backdrop_filter=&#8221;none&#8221; column_shadow=&#8221;none&#8221; column_border_radius=&#8221;none&#8221; column_link_target=&#8221;_self&#8221; column_position=&#8221;default&#8221; gradient_direction=&#8221;left_to_right&#8221; overlay_strength=&#8221;0.3&#8243; width=&#8221;1\/2&#8243; tablet_width_inherit=&#8221;default&#8221; animation_type=&#8221;default&#8221; bg_image_animation=&#8221;none&#8221; border_type=&#8221;simple&#8221; column_border_width=&#8221;none&#8221; column_border_style=&#8221;solid&#8221;][divider line_type=&#8221;No Line&#8221; custom_height=&#8221;15&#8243;][vc_column_text css=&#8221;&#8221; text_direction=&#8221;default&#8221;]\n<h2><strong>Recycle used cooking oils\u00a0<\/strong><\/h2>\n<p>1.7.2025 onwards the collection of used cooking oils is operated by Rasmix Oy<\/p>\n<div dir=\"ltr\">Contacts:<\/div>\n<div dir=\"ltr\"><a title=\"mailto:keraily@rasmix.fi\" href=\"mailto:keraily@rasmix.fi\" target=\"_blank\" rel=\"noreferrer noopener\" data-outlook-id=\"979b5a75-7a5b-449d-9e6c-fc7246aa61fc\">keraily@rasmix.fi<\/a><br \/>\n040 612 6667 (SMS tai WhatsApp)<\/div>\n<div dir=\"ltr\"><a title=\"https:\/\/www.rasmix.fi\/kaytetty-paistorasva-uco\/\" href=\"https:\/\/www.rasmix.fi\/kaytetty-paistorasva-uco\/\" data-outlook-id=\"a3de0df5-9152-4eea-948a-8d144c8e2853\">https:\/\/www.rasmix.fi\/kaytetty-paistorasva-uco\/<\/a><\/div>\n[\/vc_column_text][\/vc_column][vc_column column_padding=&#8221;no-extra-padding&#8221; column_padding_tablet=&#8221;inherit&#8221; column_padding_phone=&#8221;inherit&#8221; column_padding_position=&#8221;all&#8221; column_element_direction_desktop=&#8221;default&#8221; column_element_spacing=&#8221;default&#8221; desktop_text_alignment=&#8221;default&#8221; tablet_text_alignment=&#8221;default&#8221; phone_text_alignment=&#8221;default&#8221; background_color_opacity=&#8221;1&#8243; background_hover_color_opacity=&#8221;1&#8243; background_image=&#8221;444&#8243; background_image_position=&#8221;center center&#8221; background_image_stacking=&#8221;default&#8221; enable_bg_scale=&#8221;true&#8221; background_image_loading=&#8221;default&#8221; column_backdrop_filter=&#8221;none&#8221; column_shadow=&#8221;none&#8221; column_border_radius=&#8221;none&#8221; column_link_target=&#8221;_self&#8221; column_position=&#8221;default&#8221; gradient_direction=&#8221;left_to_right&#8221; overlay_strength=&#8221;0.3&#8243; width=&#8221;1\/2&#8243; tablet_width_inherit=&#8221;default&#8221; animation_type=&#8221;default&#8221; bg_image_animation=&#8221;none&#8221; border_type=&#8221;simple&#8221; column_border_width=&#8221;none&#8221; column_border_style=&#8221;solid&#8221;][vc_gallery css=&#8221;&#8221; type=&#8221;nectarslider_style&#8221; images=&#8221;2023&#8243; image_loading=&#8221;default&#8221; ns_image_rendering=&#8221;default&#8221; ns_image_aspect_ratio=&#8221;default&#8221; bullet_navigation_style=&#8221;see_through&#8221; onclick=&#8221;link_no&#8221;][divider line_type=&#8221;No Line&#8221; custom_height=&#8221;40&#8243;][\/vc_column][\/vc_row]\n","protected":false},"excerpt":{"rendered":"<p>[vc_row type=&#8221;full_width_background&#8221; full_screen_row_position=&#8221;middle&#8221; column_margin=&#8221;default&#8221; column_direction=&#8221;default&#8221; column_direction_tablet=&#8221;default&#8221; column_direction_phone=&#8221;default&#8221; bg_color=&#8221;#0891dc&#8221; bg_image=&#8221;2018&#8243; bg_position=&#8221;center center&#8221; background_image_loading=&#8221;default&#8221; bg_repeat=&#8221;no-repeat&#8221; scene_position=&#8221;center&#8221; top_padding=&#8221;10%&#8221; bottom_padding=&#8221;15%&#8221; text_color=&#8221;light&#8221; text_align=&#8221;left&#8221; row_border_radius=&#8221;none&#8221; row_border_radius_applies=&#8221;bg&#8221; overflow=&#8221;visible&#8221; enable_gradient=&#8221;true&#8221; color_overlay=&#8221;rgba(29,63,128,0.94)&#8221; color_overlay_2=&#8221;rgba(8,145,220,0.71)&#8221; advanced_gradient_angle=&#8221;0&#8243; overlay_strength=&#8221;0.95&#8243; gradient_direction=&#8221;left_t_to_right_b&#8221; enable_shape_divider=&#8221;true&#8221; shape_divider_position=&#8221;bottom&#8221; shape_divider_height=&#8221;350&#8243;&#8230;<\/p>\n","protected":false},"author":2,"featured_media":0,"parent":0,"menu_order":0,"comment_status":"closed","ping_status":"closed","template":"","meta":{"footnotes":""},"class_list":["post-2136","page","type-page","status-publish"],"yoast_head":"<!-- This site is optimized with the Yoast SEO plugin v27.4 - https:\/\/yoast.com\/product\/yoast-seo-wordpress\/ -->\n<title>Collecting used cooking oils - VG EcoFuel<\/title>\n<meta name=\"description\" content=\"Ker\u00e4\u00e4mme k\u00e4ytettyj\u00e4 paistinrasvoja ravintoloista ymp\u00e4ri Suomen. Helppok\u00e4ytt\u00f6inen kierr\u00e4tyspalvelumme on t\u00e4ysin maksuton ravintoloille.\" \/>\n<meta name=\"robots\" content=\"index, follow, max-snippet:-1, max-image-preview:large, max-video-preview:-1\" \/>\n<link rel=\"canonical\" href=\"https:\/\/vgecofuel.fi\/en\/collection\" \/>\n<meta property=\"og:locale\" content=\"en_US\" \/>\n<meta property=\"og:type\" content=\"article\" \/>\n<meta property=\"og:title\" content=\"Collecting used cooking oils - VG EcoFuel\" \/>\n<meta property=\"og:description\" content=\"Ker\u00e4\u00e4mme k\u00e4ytettyj\u00e4 paistinrasvoja ravintoloista ymp\u00e4ri Suomen. Helppok\u00e4ytt\u00f6inen kierr\u00e4tyspalvelumme on t\u00e4ysin maksuton ravintoloille.\" \/>\n<meta property=\"og:url\" content=\"https:\/\/vgecofuel.fi\/en\/collection\" \/>\n<meta property=\"og:site_name\" content=\"VG EcoFuel\" \/>\n<meta property=\"article:modified_time\" content=\"2025-07-29T07:32:06+00:00\" \/>\n<meta name=\"twitter:card\" content=\"summary_large_image\" \/>\n<meta name=\"twitter:label1\" content=\"Est. reading time\" \/>\n\t<meta name=\"twitter:data1\" content=\"1 minute\" \/>\n<script type=\"application\/ld+json\" class=\"yoast-schema-graph\">{\"@context\":\"https:\\\/\\\/schema.org\",\"@graph\":[{\"@type\":\"WebPage\",\"@id\":\"https:\\\/\\\/vgecofuel.fi\\\/en\\\/collection\",\"url\":\"https:\\\/\\\/vgecofuel.fi\\\/en\\\/collection\",\"name\":\"Collecting used cooking oils - VG EcoFuel\",\"isPartOf\":{\"@id\":\"https:\\\/\\\/vgecofuel.fi\\\/en#website\"},\"datePublished\":\"2018-10-16T06:48:54+00:00\",\"dateModified\":\"2025-07-29T07:32:06+00:00\",\"description\":\"Ker\u00e4\u00e4mme k\u00e4ytettyj\u00e4 paistinrasvoja ravintoloista ymp\u00e4ri Suomen. Helppok\u00e4ytt\u00f6inen kierr\u00e4tyspalvelumme on t\u00e4ysin maksuton ravintoloille.\",\"breadcrumb\":{\"@id\":\"https:\\\/\\\/vgecofuel.fi\\\/en\\\/collection#breadcrumb\"},\"inLanguage\":\"en-US\",\"potentialAction\":[{\"@type\":\"ReadAction\",\"target\":[\"https:\\\/\\\/vgecofuel.fi\\\/en\\\/collection\"]}]},{\"@type\":\"BreadcrumbList\",\"@id\":\"https:\\\/\\\/vgecofuel.fi\\\/en\\\/collection#breadcrumb\",\"itemListElement\":[{\"@type\":\"ListItem\",\"position\":1,\"name\":\"Home\",\"item\":\"https:\\\/\\\/vgecofuel.fi\\\/en\"},{\"@type\":\"ListItem\",\"position\":2,\"name\":\"Collecting used cooking oils\"}]},{\"@type\":\"WebSite\",\"@id\":\"https:\\\/\\\/vgecofuel.fi\\\/en#website\",\"url\":\"https:\\\/\\\/vgecofuel.fi\\\/en\",\"name\":\"VG EcoFuel\",\"description\":\"Kierr\u00e4tettyj\u00e4 Biopolttoaineita\",\"publisher\":{\"@id\":\"https:\\\/\\\/vgecofuel.fi\\\/en#organization\"},\"potentialAction\":[{\"@type\":\"SearchAction\",\"target\":{\"@type\":\"EntryPoint\",\"urlTemplate\":\"https:\\\/\\\/vgecofuel.fi\\\/en?s={search_term_string}\"},\"query-input\":{\"@type\":\"PropertyValueSpecification\",\"valueRequired\":true,\"valueName\":\"search_term_string\"}}],\"inLanguage\":\"en-US\"},{\"@type\":\"Organization\",\"@id\":\"https:\\\/\\\/vgecofuel.fi\\\/en#organization\",\"name\":\"VG EcoFuel\",\"url\":\"https:\\\/\\\/vgecofuel.fi\\\/en\",\"logo\":{\"@type\":\"ImageObject\",\"inLanguage\":\"en-US\",\"@id\":\"https:\\\/\\\/vgecofuel.fi\\\/en#\\\/schema\\\/logo\\\/image\\\/\",\"url\":\"https:\\\/\\\/vgecofuel.fi\\\/wp-content\\\/uploads\\\/2022\\\/01\\\/VG-EcoFuel-logo_800.png\",\"contentUrl\":\"https:\\\/\\\/vgecofuel.fi\\\/wp-content\\\/uploads\\\/2022\\\/01\\\/VG-EcoFuel-logo_800.png\",\"width\":800,\"height\":120,\"caption\":\"VG EcoFuel\"},\"image\":{\"@id\":\"https:\\\/\\\/vgecofuel.fi\\\/en#\\\/schema\\\/logo\\\/image\\\/\"}}]}<\/script>\n<!-- \/ Yoast SEO plugin. -->","yoast_head_json":{"title":"Collecting used cooking oils - VG EcoFuel","description":"Ker\u00e4\u00e4mme k\u00e4ytettyj\u00e4 paistinrasvoja ravintoloista ymp\u00e4ri Suomen. Helppok\u00e4ytt\u00f6inen kierr\u00e4tyspalvelumme on t\u00e4ysin maksuton ravintoloille.","robots":{"index":"index","follow":"follow","max-snippet":"max-snippet:-1","max-image-preview":"max-image-preview:large","max-video-preview":"max-video-preview:-1"},"canonical":"https:\/\/vgecofuel.fi\/en\/collection","og_locale":"en_US","og_type":"article","og_title":"Collecting used cooking oils - VG EcoFuel","og_description":"Ker\u00e4\u00e4mme k\u00e4ytettyj\u00e4 paistinrasvoja ravintoloista ymp\u00e4ri Suomen. Helppok\u00e4ytt\u00f6inen kierr\u00e4tyspalvelumme on t\u00e4ysin maksuton ravintoloille.","og_url":"https:\/\/vgecofuel.fi\/en\/collection","og_site_name":"VG EcoFuel","article_modified_time":"2025-07-29T07:32:06+00:00","twitter_card":"summary_large_image","twitter_misc":{"Est. reading time":"1 minute"},"schema":{"@context":"https:\/\/schema.org","@graph":[{"@type":"WebPage","@id":"https:\/\/vgecofuel.fi\/en\/collection","url":"https:\/\/vgecofuel.fi\/en\/collection","name":"Collecting used cooking oils - VG EcoFuel","isPartOf":{"@id":"https:\/\/vgecofuel.fi\/en#website"},"datePublished":"2018-10-16T06:48:54+00:00","dateModified":"2025-07-29T07:32:06+00:00","description":"Ker\u00e4\u00e4mme k\u00e4ytettyj\u00e4 paistinrasvoja ravintoloista ymp\u00e4ri Suomen. Helppok\u00e4ytt\u00f6inen kierr\u00e4tyspalvelumme on t\u00e4ysin maksuton ravintoloille.","breadcrumb":{"@id":"https:\/\/vgecofuel.fi\/en\/collection#breadcrumb"},"inLanguage":"en-US","potentialAction":[{"@type":"ReadAction","target":["https:\/\/vgecofuel.fi\/en\/collection"]}]},{"@type":"BreadcrumbList","@id":"https:\/\/vgecofuel.fi\/en\/collection#breadcrumb","itemListElement":[{"@type":"ListItem","position":1,"name":"Home","item":"https:\/\/vgecofuel.fi\/en"},{"@type":"ListItem","position":2,"name":"Collecting used cooking oils"}]},{"@type":"WebSite","@id":"https:\/\/vgecofuel.fi\/en#website","url":"https:\/\/vgecofuel.fi\/en","name":"VG EcoFuel","description":"Kierr\u00e4tettyj\u00e4 Biopolttoaineita","publisher":{"@id":"https:\/\/vgecofuel.fi\/en#organization"},"potentialAction":[{"@type":"SearchAction","target":{"@type":"EntryPoint","urlTemplate":"https:\/\/vgecofuel.fi\/en?s={search_term_string}"},"query-input":{"@type":"PropertyValueSpecification","valueRequired":true,"valueName":"search_term_string"}}],"inLanguage":"en-US"},{"@type":"Organization","@id":"https:\/\/vgecofuel.fi\/en#organization","name":"VG EcoFuel","url":"https:\/\/vgecofuel.fi\/en","logo":{"@type":"ImageObject","inLanguage":"en-US","@id":"https:\/\/vgecofuel.fi\/en#\/schema\/logo\/image\/","url":"https:\/\/vgecofuel.fi\/wp-content\/uploads\/2022\/01\/VG-EcoFuel-logo_800.png","contentUrl":"https:\/\/vgecofuel.fi\/wp-content\/uploads\/2022\/01\/VG-EcoFuel-logo_800.png","width":800,"height":120,"caption":"VG EcoFuel"},"image":{"@id":"https:\/\/vgecofuel.fi\/en#\/schema\/logo\/image\/"}}]}},"_links":{"self":[{"href":"https:\/\/vgecofuel.fi\/en\/wp-json\/wp\/v2\/pages\/2136","targetHints":{"allow":["GET"]}}],"collection":[{"href":"https:\/\/vgecofuel.fi\/en\/wp-json\/wp\/v2\/pages"}],"about":[{"href":"https:\/\/vgecofuel.fi\/en\/wp-json\/wp\/v2\/types\/page"}],"author":[{"embeddable":true,"href":"https:\/\/vgecofuel.fi\/en\/wp-json\/wp\/v2\/users\/2"}],"replies":[{"embeddable":true,"href":"https:\/\/vgecofuel.fi\/en\/wp-json\/wp\/v2\/comments?post=2136"}],"version-history":[{"count":7,"href":"https:\/\/vgecofuel.fi\/en\/wp-json\/wp\/v2\/pages\/2136\/revisions"}],"predecessor-version":[{"id":2402,"href":"https:\/\/vgecofuel.fi\/en\/wp-json\/wp\/v2\/pages\/2136\/revisions\/2402"}],"wp:attachment":[{"href":"https:\/\/vgecofuel.fi\/en\/wp-json\/wp\/v2\/media?parent=2136"}],"curies":[{"name":"wp","href":"https:\/\/api.w.org\/{rel}","templated":true}]}}