{"id":2138,"date":"2018-10-04T13:38:18","date_gmt":"2018-10-04T10:38:18","guid":{"rendered":"https:\/\/vgecofuel.fi\/yritys"},"modified":"2022-11-23T12:03:57","modified_gmt":"2022-11-23T10:03:57","slug":"yritys","status":"publish","type":"page","link":"https:\/\/vgecofuel.fi\/en\/yritys","title":{"rendered":"Yritys"},"content":{"rendered":"[vc_row type=&#8221;full_width_background&#8221; full_screen_row_position=&#8221;middle&#8221; column_margin=&#8221;default&#8221; column_direction=&#8221;default&#8221; column_direction_tablet=&#8221;default&#8221; column_direction_phone=&#8221;default&#8221; bg_color=&#8221;#0891dc&#8221; bg_image=&#8221;1813&#8243; bg_position=&#8221;center center&#8221; background_image_loading=&#8221;default&#8221; bg_repeat=&#8221;no-repeat&#8221; scene_position=&#8221;center&#8221; top_padding=&#8221;10%&#8221; bottom_padding=&#8221;19%&#8221; text_color=&#8221;light&#8221; text_align=&#8221;left&#8221; row_border_radius=&#8221;none&#8221; row_border_radius_applies=&#8221;bg&#8221; overflow=&#8221;visible&#8221; enable_gradient=&#8221;true&#8221; color_overlay=&#8221;rgba(29,63,128,0.93)&#8221; color_overlay_2=&#8221;rgba(42,196,234,0.75)&#8221; overlay_strength=&#8221;0.5&#8243; gradient_direction=&#8221;left_t_to_right_b&#8221; enable_shape_divider=&#8221;true&#8221; shape_divider_position=&#8221;bottom&#8221; shape_divider_height=&#8221;350&#8243; bg_image_animation=&#8221;none&#8221; shape_type=&#8221;waves_opacity_alt&#8221;][vc_column column_padding=&#8221;no-extra-padding&#8221; column_padding_tablet=&#8221;inherit&#8221; column_padding_phone=&#8221;inherit&#8221; column_padding_position=&#8221;all&#8221; column_element_spacing=&#8221;default&#8221; background_color_opacity=&#8221;1&#8243; background_hover_color_opacity=&#8221;1&#8243; column_shadow=&#8221;none&#8221; column_border_radius=&#8221;none&#8221; column_link_target=&#8221;_self&#8221; column_position=&#8221;default&#8221; gradient_direction=&#8221;left_to_right&#8221; overlay_strength=&#8221;0.3&#8243; width=&#8221;2\/3&#8243; tablet_width_inherit=&#8221;default&#8221; tablet_text_alignment=&#8221;default&#8221; phone_text_alignment=&#8221;default&#8221; animation_type=&#8221;default&#8221; bg_image_animation=&#8221;none&#8221; border_type=&#8221;simple&#8221; column_border_width=&#8221;none&#8221; column_border_style=&#8221;solid&#8221;][split_line_heading animation_type=&#8221;line-reveal-by-space&#8221; font_style=&#8221;h1&#8243; line_reveal_by_space_text_effect=&#8221;default&#8221; content_alignment=&#8221;default&#8221; mobile_content_alignment=&#8221;inherit&#8221; link_target=&#8221;_self&#8221; text_content=&#8221;Olemme osa Meriaura Groupia&#8221;]\n<h1>Olemme osa Meriaura Groupia<\/h1>\n[\/split_line_heading][vc_row_inner column_margin=&#8221;default&#8221; column_direction=&#8221;default&#8221; column_direction_tablet=&#8221;default&#8221; column_direction_phone=&#8221;default&#8221; text_align=&#8221;left&#8221; row_position=&#8221;default&#8221; row_position_tablet=&#8221;inherit&#8221; row_position_phone=&#8221;inherit&#8221; overflow=&#8221;visible&#8221; pointer_events=&#8221;all&#8221;][vc_column_inner column_padding=&#8221;no-extra-padding&#8221; column_padding_tablet=&#8221;inherit&#8221; column_padding_phone=&#8221;inherit&#8221; column_padding_position=&#8221;all&#8221; column_element_spacing=&#8221;default&#8221; background_color_opacity=&#8221;1&#8243; background_hover_color_opacity=&#8221;1&#8243; column_shadow=&#8221;none&#8221; column_border_radius=&#8221;none&#8221; column_link_target=&#8221;_self&#8221; gradient_direction=&#8221;left_to_right&#8221; overlay_strength=&#8221;0.3&#8243; width=&#8221;2\/3&#8243; tablet_width_inherit=&#8221;default&#8221; animation_type=&#8221;default&#8221; bg_image_animation=&#8221;none&#8221; border_type=&#8221;simple&#8221; column_border_width=&#8221;none&#8221; column_border_style=&#8221;solid&#8221;][divider line_type=&#8221;No Line&#8221; custom_height=&#8221;100&#8243;][vc_custom_heading text=&#8221;\u201dIn the frontline of developing sustainable shipping\u201d&#8221; font_container=&#8221;tag:h3|text_align:left|color:%23ffffff&#8221; use_theme_fonts=&#8221;yes&#8221;][\/vc_column_inner][vc_column_inner column_padding=&#8221;no-extra-padding&#8221; column_padding_tablet=&#8221;inherit&#8221; column_padding_phone=&#8221;inherit&#8221; column_padding_position=&#8221;all&#8221; column_element_spacing=&#8221;default&#8221; background_color_opacity=&#8221;1&#8243; background_hover_color_opacity=&#8221;1&#8243; column_shadow=&#8221;none&#8221; column_border_radius=&#8221;none&#8221; column_link_target=&#8221;_self&#8221; gradient_direction=&#8221;left_to_right&#8221; overlay_strength=&#8221;0.3&#8243; width=&#8221;1\/3&#8243; tablet_width_inherit=&#8221;default&#8221; animation_type=&#8221;default&#8221; bg_image_animation=&#8221;none&#8221; border_type=&#8221;simple&#8221; column_border_width=&#8221;none&#8221; column_border_style=&#8221;solid&#8221;][\/vc_column_inner][\/vc_row_inner][\/vc_column][vc_column column_padding=&#8221;no-extra-padding&#8221; column_padding_tablet=&#8221;inherit&#8221; column_padding_phone=&#8221;inherit&#8221; column_padding_position=&#8221;all&#8221; column_element_spacing=&#8221;default&#8221; background_color_opacity=&#8221;1&#8243; background_hover_color_opacity=&#8221;1&#8243; column_shadow=&#8221;none&#8221; column_border_radius=&#8221;none&#8221; column_link_target=&#8221;_self&#8221; column_position=&#8221;default&#8221; gradient_direction=&#8221;left_to_right&#8221; overlay_strength=&#8221;0.3&#8243; width=&#8221;1\/3&#8243; tablet_width_inherit=&#8221;default&#8221; tablet_text_alignment=&#8221;default&#8221; phone_text_alignment=&#8221;default&#8221; animation_type=&#8221;default&#8221; bg_image_animation=&#8221;none&#8221; border_type=&#8221;simple&#8221; column_border_width=&#8221;none&#8221; column_border_style=&#8221;solid&#8221;][\/vc_column][\/vc_row][vc_row type=&#8221;in_container&#8221; full_screen_row_position=&#8221;middle&#8221; column_margin=&#8221;default&#8221; equal_height=&#8221;yes&#8221; content_placement=&#8221;top&#8221; column_direction=&#8221;default&#8221; column_direction_tablet=&#8221;default&#8221; column_direction_phone=&#8221;default&#8221; scene_position=&#8221;center&#8221; top_padding=&#8221;2%&#8221; bottom_padding=&#8221;5%&#8221; text_color=&#8221;dark&#8221; text_align=&#8221;left&#8221; row_border_radius=&#8221;none&#8221; row_border_radius_applies=&#8221;bg&#8221; overflow=&#8221;visible&#8221; overlay_strength=&#8221;0.3&#8243; gradient_direction=&#8221;left_to_right&#8221; shape_divider_position=&#8221;bottom&#8221; bg_image_animation=&#8221;none&#8221; shape_type=&#8221;&#8221;][vc_column column_padding=&#8221;padding-4-percent&#8221; column_padding_tablet=&#8221;inherit&#8221; column_padding_phone=&#8221;inherit&#8221; column_padding_position=&#8221;right&#8221; column_element_spacing=&#8221;default&#8221; background_color_opacity=&#8221;1&#8243; background_hover_color_opacity=&#8221;1&#8243; column_shadow=&#8221;none&#8221; column_border_radius=&#8221;none&#8221; column_link_target=&#8221;_self&#8221; column_position=&#8221;default&#8221; gradient_direction=&#8221;left_to_right&#8221; overlay_strength=&#8221;0.3&#8243; width=&#8221;1\/1&#8243; tablet_width_inherit=&#8221;default&#8221; tablet_text_alignment=&#8221;default&#8221; phone_text_alignment=&#8221;default&#8221; animation_type=&#8221;default&#8221; bg_image_animation=&#8221;none&#8221; border_type=&#8221;simple&#8221; column_border_width=&#8221;none&#8221; column_border_style=&#8221;solid&#8221;][divider line_type=&#8221;No Line&#8221; custom_height=&#8221;30&#8243;][divider line_type=&#8221;No Line&#8221; custom_height=&#8221;15&#8243;][vc_column_text]VG EcoFuel on Meriaura Oy:n tyt\u00e4ryhti\u00f6. Meriauran visio on olla etulinjassa kehitt\u00e4m\u00e4ss\u00e4 ymp\u00e4rist\u00f6yst\u00e4v\u00e4llist\u00e4 merenkulkua.<\/p>\n<p><a href=\"http:\/\/meriaura.fi\">Meriaura Oy<\/a> on erikoistunut teollisuuden tuotteiden ja raaka-aineiden merikuljetuksiin sek\u00e4 erilaisiin projektikuljetuksiin.\u00a0Meriauran rahtaamien kuivalastialusten kuljetussuorite on l\u00e4hes kolme miljoona tonnia vuodessa. Alukset liikenn\u00f6iv\u00e4t sopimus- ja hakurahtiliikenteess\u00e4 Euroopan alueella, p\u00e4\u00e4asiassa It\u00e4merell\u00e4 ja Pohjanmerell\u00e4.<\/p>\n<p>&nbsp;<\/p>\n[\/vc_column_text][\/vc_column][\/vc_row]\n","protected":false},"excerpt":{"rendered":"<p>[vc_row type=&#8221;full_width_background&#8221; full_screen_row_position=&#8221;middle&#8221; column_margin=&#8221;default&#8221; column_direction=&#8221;default&#8221; column_direction_tablet=&#8221;default&#8221; column_direction_phone=&#8221;default&#8221; bg_color=&#8221;#0891dc&#8221; bg_image=&#8221;1813&#8243; bg_position=&#8221;center center&#8221; background_image_loading=&#8221;default&#8221; bg_repeat=&#8221;no-repeat&#8221; scene_position=&#8221;center&#8221; top_padding=&#8221;10%&#8221; bottom_padding=&#8221;19%&#8221; text_color=&#8221;light&#8221; text_align=&#8221;left&#8221; row_border_radius=&#8221;none&#8221; row_border_radius_applies=&#8221;bg&#8221; overflow=&#8221;visible&#8221; enable_gradient=&#8221;true&#8221; color_overlay=&#8221;rgba(29,63,128,0.93)&#8221; color_overlay_2=&#8221;rgba(42,196,234,0.75)&#8221; overlay_strength=&#8221;0.5&#8243; gradient_direction=&#8221;left_t_to_right_b&#8221; enable_shape_divider=&#8221;true&#8221; shape_divider_position=&#8221;bottom&#8221; shape_divider_height=&#8221;350&#8243; bg_image_animation=&#8221;none&#8221;&#8230;<\/p>\n","protected":false},"author":2,"featured_media":0,"parent":0,"menu_order":0,"comment_status":"closed","ping_status":"closed","template":"","meta":{"footnotes":""},"class_list":["post-2138","page","type-page","status-publish"],"yoast_head":"<!-- This site is optimized with the Yoast SEO plugin v27.3 - https:\/\/yoast.com\/product\/yoast-seo-wordpress\/ -->\n<title>Yritys - VG EcoFuel<\/title>\n<meta name=\"robots\" content=\"index, follow, max-snippet:-1, max-image-preview:large, max-video-preview:-1\" \/>\n<link rel=\"canonical\" href=\"https:\/\/vgecofuel.fi\/en\/yritys\" \/>\n<meta property=\"og:locale\" content=\"en_US\" \/>\n<meta property=\"og:type\" content=\"article\" \/>\n<meta property=\"og:title\" content=\"Yritys - VG EcoFuel\" \/>\n<meta property=\"og:description\" content=\"[vc_row type=&#8221;full_width_background&#8221; full_screen_row_position=&#8221;middle&#8221; column_margin=&#8221;default&#8221; column_direction=&#8221;default&#8221; column_direction_tablet=&#8221;default&#8221; column_direction_phone=&#8221;default&#8221; bg_color=&#8221;#0891dc&#8221; bg_image=&#8221;1813&#8243; bg_position=&#8221;center center&#8221; background_image_loading=&#8221;default&#8221; bg_repeat=&#8221;no-repeat&#8221; scene_position=&#8221;center&#8221; top_padding=&#8221;10%&#8221; bottom_padding=&#8221;19%&#8221; text_color=&#8221;light&#8221; text_align=&#8221;left&#8221; row_border_radius=&#8221;none&#8221; row_border_radius_applies=&#8221;bg&#8221; overflow=&#8221;visible&#8221; enable_gradient=&#8221;true&#8221; color_overlay=&#8221;rgba(29,63,128,0.93)&#8221; color_overlay_2=&#8221;rgba(42,196,234,0.75)&#8221; overlay_strength=&#8221;0.5&#8243; gradient_direction=&#8221;left_t_to_right_b&#8221; enable_shape_divider=&#8221;true&#8221; shape_divider_position=&#8221;bottom&#8221; shape_divider_height=&#8221;350&#8243; bg_image_animation=&#8221;none&#8221;...\" \/>\n<meta property=\"og:url\" content=\"https:\/\/vgecofuel.fi\/en\/yritys\" \/>\n<meta property=\"og:site_name\" content=\"VG EcoFuel\" \/>\n<meta property=\"article:modified_time\" content=\"2022-11-23T10:03:57+00:00\" \/>\n<meta name=\"twitter:card\" content=\"summary_large_image\" \/>\n<meta name=\"twitter:label1\" content=\"Est. reading time\" \/>\n\t<meta name=\"twitter:data1\" content=\"2 minutes\" \/>\n<script type=\"application\/ld+json\" class=\"yoast-schema-graph\">{\"@context\":\"https:\\\/\\\/schema.org\",\"@graph\":[{\"@type\":\"WebPage\",\"@id\":\"https:\\\/\\\/vgecofuel.fi\\\/en\\\/yritys\",\"url\":\"https:\\\/\\\/vgecofuel.fi\\\/en\\\/yritys\",\"name\":\"Yritys - VG EcoFuel\",\"isPartOf\":{\"@id\":\"https:\\\/\\\/vgecofuel.fi\\\/en#website\"},\"datePublished\":\"2018-10-04T10:38:18+00:00\",\"dateModified\":\"2022-11-23T10:03:57+00:00\",\"breadcrumb\":{\"@id\":\"https:\\\/\\\/vgecofuel.fi\\\/en\\\/yritys#breadcrumb\"},\"inLanguage\":\"en-US\",\"potentialAction\":[{\"@type\":\"ReadAction\",\"target\":[\"https:\\\/\\\/vgecofuel.fi\\\/en\\\/yritys\"]}]},{\"@type\":\"BreadcrumbList\",\"@id\":\"https:\\\/\\\/vgecofuel.fi\\\/en\\\/yritys#breadcrumb\",\"itemListElement\":[{\"@type\":\"ListItem\",\"position\":1,\"name\":\"Home\",\"item\":\"https:\\\/\\\/vgecofuel.fi\\\/en\"},{\"@type\":\"ListItem\",\"position\":2,\"name\":\"Yritys\"}]},{\"@type\":\"WebSite\",\"@id\":\"https:\\\/\\\/vgecofuel.fi\\\/en#website\",\"url\":\"https:\\\/\\\/vgecofuel.fi\\\/en\",\"name\":\"VG EcoFuel\",\"description\":\"Kierr\u00e4tettyj\u00e4 Biopolttoaineita\",\"publisher\":{\"@id\":\"https:\\\/\\\/vgecofuel.fi\\\/en#organization\"},\"potentialAction\":[{\"@type\":\"SearchAction\",\"target\":{\"@type\":\"EntryPoint\",\"urlTemplate\":\"https:\\\/\\\/vgecofuel.fi\\\/en?s={search_term_string}\"},\"query-input\":{\"@type\":\"PropertyValueSpecification\",\"valueRequired\":true,\"valueName\":\"search_term_string\"}}],\"inLanguage\":\"en-US\"},{\"@type\":\"Organization\",\"@id\":\"https:\\\/\\\/vgecofuel.fi\\\/en#organization\",\"name\":\"VG EcoFuel\",\"url\":\"https:\\\/\\\/vgecofuel.fi\\\/en\",\"logo\":{\"@type\":\"ImageObject\",\"inLanguage\":\"en-US\",\"@id\":\"https:\\\/\\\/vgecofuel.fi\\\/en#\\\/schema\\\/logo\\\/image\\\/\",\"url\":\"https:\\\/\\\/vgecofuel.fi\\\/wp-content\\\/uploads\\\/2022\\\/01\\\/VG-EcoFuel-logo_800.png\",\"contentUrl\":\"https:\\\/\\\/vgecofuel.fi\\\/wp-content\\\/uploads\\\/2022\\\/01\\\/VG-EcoFuel-logo_800.png\",\"width\":800,\"height\":120,\"caption\":\"VG EcoFuel\"},\"image\":{\"@id\":\"https:\\\/\\\/vgecofuel.fi\\\/en#\\\/schema\\\/logo\\\/image\\\/\"}}]}<\/script>\n<!-- \/ Yoast SEO plugin. -->","yoast_head_json":{"title":"Yritys - VG EcoFuel","robots":{"index":"index","follow":"follow","max-snippet":"max-snippet:-1","max-image-preview":"max-image-preview:large","max-video-preview":"max-video-preview:-1"},"canonical":"https:\/\/vgecofuel.fi\/en\/yritys","og_locale":"en_US","og_type":"article","og_title":"Yritys - VG EcoFuel","og_description":"[vc_row type=&#8221;full_width_background&#8221; full_screen_row_position=&#8221;middle&#8221; column_margin=&#8221;default&#8221; column_direction=&#8221;default&#8221; column_direction_tablet=&#8221;default&#8221; column_direction_phone=&#8221;default&#8221; bg_color=&#8221;#0891dc&#8221; bg_image=&#8221;1813&#8243; bg_position=&#8221;center center&#8221; background_image_loading=&#8221;default&#8221; bg_repeat=&#8221;no-repeat&#8221; scene_position=&#8221;center&#8221; top_padding=&#8221;10%&#8221; bottom_padding=&#8221;19%&#8221; text_color=&#8221;light&#8221; text_align=&#8221;left&#8221; row_border_radius=&#8221;none&#8221; row_border_radius_applies=&#8221;bg&#8221; overflow=&#8221;visible&#8221; enable_gradient=&#8221;true&#8221; color_overlay=&#8221;rgba(29,63,128,0.93)&#8221; color_overlay_2=&#8221;rgba(42,196,234,0.75)&#8221; overlay_strength=&#8221;0.5&#8243; gradient_direction=&#8221;left_t_to_right_b&#8221; enable_shape_divider=&#8221;true&#8221; shape_divider_position=&#8221;bottom&#8221; shape_divider_height=&#8221;350&#8243; bg_image_animation=&#8221;none&#8221;...","og_url":"https:\/\/vgecofuel.fi\/en\/yritys","og_site_name":"VG EcoFuel","article_modified_time":"2022-11-23T10:03:57+00:00","twitter_card":"summary_large_image","twitter_misc":{"Est. reading time":"2 minutes"},"schema":{"@context":"https:\/\/schema.org","@graph":[{"@type":"WebPage","@id":"https:\/\/vgecofuel.fi\/en\/yritys","url":"https:\/\/vgecofuel.fi\/en\/yritys","name":"Yritys - VG EcoFuel","isPartOf":{"@id":"https:\/\/vgecofuel.fi\/en#website"},"datePublished":"2018-10-04T10:38:18+00:00","dateModified":"2022-11-23T10:03:57+00:00","breadcrumb":{"@id":"https:\/\/vgecofuel.fi\/en\/yritys#breadcrumb"},"inLanguage":"en-US","potentialAction":[{"@type":"ReadAction","target":["https:\/\/vgecofuel.fi\/en\/yritys"]}]},{"@type":"BreadcrumbList","@id":"https:\/\/vgecofuel.fi\/en\/yritys#breadcrumb","itemListElement":[{"@type":"ListItem","position":1,"name":"Home","item":"https:\/\/vgecofuel.fi\/en"},{"@type":"ListItem","position":2,"name":"Yritys"}]},{"@type":"WebSite","@id":"https:\/\/vgecofuel.fi\/en#website","url":"https:\/\/vgecofuel.fi\/en","name":"VG EcoFuel","description":"Kierr\u00e4tettyj\u00e4 Biopolttoaineita","publisher":{"@id":"https:\/\/vgecofuel.fi\/en#organization"},"potentialAction":[{"@type":"SearchAction","target":{"@type":"EntryPoint","urlTemplate":"https:\/\/vgecofuel.fi\/en?s={search_term_string}"},"query-input":{"@type":"PropertyValueSpecification","valueRequired":true,"valueName":"search_term_string"}}],"inLanguage":"en-US"},{"@type":"Organization","@id":"https:\/\/vgecofuel.fi\/en#organization","name":"VG EcoFuel","url":"https:\/\/vgecofuel.fi\/en","logo":{"@type":"ImageObject","inLanguage":"en-US","@id":"https:\/\/vgecofuel.fi\/en#\/schema\/logo\/image\/","url":"https:\/\/vgecofuel.fi\/wp-content\/uploads\/2022\/01\/VG-EcoFuel-logo_800.png","contentUrl":"https:\/\/vgecofuel.fi\/wp-content\/uploads\/2022\/01\/VG-EcoFuel-logo_800.png","width":800,"height":120,"caption":"VG EcoFuel"},"image":{"@id":"https:\/\/vgecofuel.fi\/en#\/schema\/logo\/image\/"}}]}},"_links":{"self":[{"href":"https:\/\/vgecofuel.fi\/en\/wp-json\/wp\/v2\/pages\/2138","targetHints":{"allow":["GET"]}}],"collection":[{"href":"https:\/\/vgecofuel.fi\/en\/wp-json\/wp\/v2\/pages"}],"about":[{"href":"https:\/\/vgecofuel.fi\/en\/wp-json\/wp\/v2\/types\/page"}],"author":[{"embeddable":true,"href":"https:\/\/vgecofuel.fi\/en\/wp-json\/wp\/v2\/users\/2"}],"replies":[{"embeddable":true,"href":"https:\/\/vgecofuel.fi\/en\/wp-json\/wp\/v2\/comments?post=2138"}],"version-history":[{"count":2,"href":"https:\/\/vgecofuel.fi\/en\/wp-json\/wp\/v2\/pages\/2138\/revisions"}],"predecessor-version":[{"id":2304,"href":"https:\/\/vgecofuel.fi\/en\/wp-json\/wp\/v2\/pages\/2138\/revisions\/2304"}],"wp:attachment":[{"href":"https:\/\/vgecofuel.fi\/en\/wp-json\/wp\/v2\/media?parent=2138"}],"curies":[{"name":"wp","href":"https:\/\/api.w.org\/{rel}","templated":true}]}}